{"id":51,"date":"2024-02-27T21:50:42","date_gmt":"2024-02-27T21:50:42","guid":{"rendered":"https:\/\/astrologelvan.shop\/?page_id=51"},"modified":"2024-07-17T00:22:11","modified_gmt":"2024-07-16T21:22:11","slug":"iade-iptal-ve-cayma-kosullari","status":"publish","type":"page","link":"https:\/\/astrologelvan.com\/magaza\/iade-iptal-ve-cayma-kosullari\/","title":{"rendered":"\u0130ADE, \u0130PTAL ve CAYMA KO\u015eULLARI"},"content":{"rendered":"\n\t<section class=\"section\" id=\"section_550433357\">\n\t\t<div class=\"section-bg fill\" >\n\t\t\t\t\t\t\t\t\t\n\t\t\t\n\n\t\t<\/div>\n\n\t\t\n\n\t\t<div class=\"section-content relative\">\n\t\t\t\n<div class=\"row\"  id=\"row-1639682847\">\n\n\t<div id=\"col-71809437\" class=\"col medium-8 small-12 large-8\"  >\n\t\t\t\t<div class=\"col-inner\"  >\n\t\t\t\n\t\t\t\n<p><strong>UYARI: \u0130lgili yasa gere\u011fi l\u00fctfen i\u015fbu metni 12 punto ve koyu fontta \u00e7\u0131kt\u0131s\u0131n\u0131 alarak okuyunuz. Ayr\u0131ca; internet sitemizden al\u0131\u015fveri\u015f yapan her al\u0131c\u0131, taraf\u0131m\u0131zca 6502 say\u0131l\u0131 T\u00fcketicinin Korunmas\u0131 Hakk\u0131nda Kanun ve sair mevzuata uygun olarak d\u00fczenlenmi\u015f olan i\u015fbu metnin t\u00fcm maddelerini ba\u015fka bir ihbara gerek kalmadan okumu\u015f ve kabul etmi\u015f say\u0131l\u0131r.<\/strong><\/p>\n<p><strong>\u00a0<\/strong><\/p>\n<ol>\n<li><strong>TANIMLAR <\/strong><\/li>\n<\/ol>\n<table>\n<tbody>\n<tr>\n<td width=\"151\">\n<p><strong>ALICI<\/strong><\/p>\n<\/td>\n<td width=\"453\">\n<p>ALICI, Astrolog Elvan\u2019\u0131n internet adresi olan <a href=\"http:\/\/www.astrologelvan.com\">www.astrologelvan.com<\/a> alan adl\u0131 internet sitesinden al\u0131\u015fveri\u015f yapan ki\u015fidir. Fatura ve ileti\u015fim bilgilerinde al\u0131c\u0131n\u0131n bildirdi\u011fi adres ve ileti\u015fim bilgileri esas al\u0131n\u0131r.<\/p>\n<\/td>\n<\/tr>\n<tr>\n<td width=\"151\">\n<p><strong>Bakanl\u0131k<\/strong><\/p>\n<\/td>\n<td width=\"453\">\n<p>T\u00fcrkiye Cumhuriyeti Ticaret Bakanl\u0131\u011f\u0131\u2019d\u0131r.\u00a0<\/p>\n<\/td>\n<\/tr>\n<tr>\n<td width=\"151\">\n<p><strong>Banka<\/strong><\/p>\n<\/td>\n<td width=\"453\">\n<p>5411 say\u0131l\u0131 Bankac\u0131l\u0131k Kanunu uyar\u0131nca kurulan lisansl\u0131 kurulu\u015flard\u0131r.<\/p>\n<\/td>\n<\/tr>\n<tr>\n<td width=\"151\">\n<p><strong>Kargo \u015eirketi<\/strong><\/p>\n<\/td>\n<td width=\"453\">\n<p>\u00dcr\u00fcn\u2019\u00fcn ALICI\u2019ya ula\u015ft\u0131r\u0131lmas\u0131n\u0131, iade s\u00fcre\u00e7lerinde ALICI\u2019dan al\u0131narak SATICI\u2019ya ula\u015ft\u0131r\u0131lmas\u0131n\u0131 sa\u011flayan anla\u015fmal\u0131 kargo veya lojistik \u015firketidir.<\/p>\n<\/td>\n<\/tr>\n<tr>\n<td width=\"151\">\n<p><strong>Platform<\/strong><\/p>\n<\/td>\n<td width=\"453\">\n<p>Sat\u0131c\u0131\u2019ya ait <a href=\"http:\/\/www.astrologelvan.com\">www.astrologelvan.com<\/a>\u00a0 alan adl\u0131 internet sitesidir.<\/p>\n<\/td>\n<\/tr>\n<tr>\n<td width=\"151\">\n<p><strong>SATICI <\/strong><\/p>\n<\/td>\n<td width=\"453\">\n<p>J\u00dcP\u0130TER DANI\u015eMANLIK H\u0130ZMETLER\u0130 L\u0130M\u0130TED \u015e\u0130RKET\u0130<\/p>\n<\/td>\n<\/tr>\n<tr>\n<td width=\"151\">\n<p><strong>\u00dcr\u00fcn <\/strong><\/p>\n<\/td>\n<td width=\"453\">\n<p>Platform\u2019un Online Ma\u011faza alan\u0131nda sunulan \u00fcr\u00fcnlerdir.<\/p>\n<\/td>\n<\/tr>\n<tr>\n<td width=\"151\">\n<p><strong>Kanun<\/strong><\/p>\n<\/td>\n<td width=\"453\">\n<p>6502 say\u0131l\u0131 T\u00fcketicinin Korunmas\u0131 Hakk\u0131nda Kanun<\/p>\n<\/td>\n<\/tr>\n<tr>\n<td width=\"151\">\n<p><strong>S\u00f6zle\u015fme<\/strong><\/p>\n<\/td>\n<td width=\"453\">\n<p>Mesafeli Sat\u0131\u015f S\u00f6zle\u015fmesi<\/p>\n<\/td>\n<\/tr>\n<tr>\n<td width=\"151\">\n<p><strong>Y\u00f6netmelik <\/strong><\/p>\n<\/td>\n<td width=\"453\">\n<p>Mesafeli S\u00f6zle\u015fmeler Y\u00f6netmeli\u011fi<\/p>\n<\/td>\n<\/tr>\n<tr>\n<td width=\"151\">\n<p><strong>E-posta<\/strong><\/p>\n<\/td>\n<td width=\"453\">\n<p>bilgi@astrologelvan.com<\/p>\n<\/td>\n<\/tr>\n<\/tbody>\n<\/table>\n<p>\u00a0<\/p>\n<p>\u0130\u015fbu \u0130ade, \u0130ptal ve Cayma Ko\u015fullar\u0131 Al\u0131c\u0131\u2019n\u0131n Sat\u0131c\u0131\u2019ya sipari\u015fini verdi\u011fi, nitelikleri ve sat\u0131\u015f fiyat\u0131 belirtilen \u00fcr\u00fcn\u00fcn\/hizmetin sat\u0131\u015f\u0131 ve teslimi ile ilgili olarak 6502 say\u0131l\u0131 T\u00fcketicinin Korunmas\u0131 Hakk\u0131nda Kanun h\u00fck\u00fcmleri gere\u011fince taraflar\u0131n hak ve y\u00fck\u00fcml\u00fcl\u00fcklerini d\u00fczenler.<\/p>\n<p><strong>\u00a0<\/strong><\/p>\n<ul>\n<li>\u0130\u015fbu web sitesi \u00fczerinden elektronik ortamda sipari\u015f veren Al\u0131c\u0131, sunulan \u00d6n Bilgilendirme Formunu ve Mesafeli Sat\u0131\u015f S\u00f6zle\u015fmesini kabul etmi\u015f say\u0131l\u0131r.<\/li>\n<li>Al\u0131c\u0131; sat\u0131n ald\u0131\u011f\u0131 \u00fcr\u00fcn\u00fcn kendisine veya g\u00f6sterdi\u011fi adresteki ki\u015fi\/kurulu\u015fa teslim tarihinden itibaren 14 (on d\u00f6rt) g\u00fcn i\u00e7erisinde Sat\u0131c\u0131\u2019ya i\u015fbu metnin Tan\u0131mlar ba\u015fl\u0131\u011f\u0131 alt\u0131nda belirtilen ileti\u015fim bilgileri \u00fczerinden bildirmek \u015fart\u0131yla hi\u00e7bir hukuki ve cezai sorumluluk \u00fcstlenmeksizin ve hi\u00e7bir gerek\u00e7e g\u00f6stermeksizin mal\u0131 reddederek s\u00f6zle\u015fmeden cayma hakk\u0131n\u0131 kullanabilir.<\/li>\n<li>Al\u0131c\u0131 <strong>taksitle sat\u0131n alm\u0131\u015f oldu\u011fu<\/strong> \u00fcr\u00fcn\u00fc Sat\u0131c\u0131\u2019dan teslim ald\u0131\u011f\u0131 tarihten itibaren <strong>7 g\u00fcn<\/strong> i\u00e7erisinde <strong>Sat\u0131c\u0131 \u2018ya bildirmek \u015fart\u0131yla<\/strong> hi\u00e7bir hukuki ve cezai sorumluluk \u00fcstlenmeksizin ve hi\u00e7bir gerek\u00e7e g\u00f6stermeksizin mal\u0131 reddederek S\u00f6zle\u015fme\u2019den cayma hakk\u0131 kullanabilir.<\/li>\n<li>Dan\u0131\u015fmanl\u0131k hizmetlerine ili\u015fkin iptal talepleri, kararla\u015ft\u0131r\u0131lan dan\u0131\u015fmanl\u0131k tarihinden i\u015fbu metnin Taraflar ba\u015fl\u0131\u011f\u0131 alt\u0131nda d\u00fczenlenen ileti\u015fim kanallar\u0131 \u00fczerinden yaz\u0131l\u0131 olarak Sat\u0131c\u0131\u2019ya bildirilmelidir.<\/li>\n<li>At\u00f6lye kay\u0131tlar\u0131na ili\u015fkin iptal talepleri, ilgili at\u00f6lye tarihinden en az 5 (be\u015f) g\u00fcn \u00f6ncesinde i\u015fbu metnin Taraflar ba\u015fl\u0131\u011f\u0131 alt\u0131nda d\u00fczenlenen ileti\u015fim kanallar\u0131 \u00fczerinden yaz\u0131l\u0131 olarak Sat\u0131c\u0131\u2019ya bildirilmelidir.<\/li>\n<li><a href=\"http:\/\/www.astrologelvan.com\"><strong>astrologelvan.com<\/strong><\/a> \u00fczerinden sat\u0131n al\u0131nan ve iade etmek istenen t\u00fcm \u00fcr\u00fcnlerde cayma hakk\u0131n\u0131n kullan\u0131labilmesi i\u00e7in \u00fcr\u00fcn\u00fcn Al\u0131c\u0131 taraf\u0131ndan \u00f6zenle korunmas\u0131 gerekmekte olup orijinal ambalaj\u0131n\u0131n a\u00e7\u0131lmam\u0131\u015f, bozulmam\u0131\u015f ve kullan\u0131lmam\u0131\u015f olmas\u0131 \u015fart\u0131 bulunmaktad\u0131r. \u00dcr\u00fcn, iade nedeni a\u00e7\u0131klanarak fatura ile birlikte iade edilmelidir. Fatura asl\u0131n\u0131n Sat\u0131c\u0131\u2019ya g\u00f6nderilmedi\u011fi durumlarda KDV ve varsa sair yasal y\u00fck\u00fcml\u00fcl\u00fckler iade edilemez.<\/li>\n<li>\u0130ade edilecek \u00fcr\u00fcne ait, hediye olarak verilen promosyonlu, kampanyal\u0131 \u00fcr\u00fcnlerin de ayn\u0131 anda iade edilmesi gerekmektedir.<\/li>\n<li>Al\u0131c\u0131, s\u00f6zle\u015fme konusu mal\u0131 teslim almadan \u00f6nce muayene etmeli; ezik, k\u0131r\u0131k, ambalaj\u0131 y\u0131rt\u0131lm\u0131\u015f vb. hasarl\u0131 ve ay\u0131pl\u0131 mal veya hizmeti kargo \u015firketinden teslim almamal\u0131d\u0131r. Teslim al\u0131nan mal\/hizmetin hasars\u0131z ve sa\u011flam oldu\u011fu kabul edilecektir.<\/li>\n<li>Mal\u0131n ay\u0131pl\u0131 oldu\u011funun anla\u015f\u0131lmas\u0131 durumunda Al\u0131c\u0131,<\/li>\n<\/ul>\n<ol>\n<li><strong>a) Sat\u0131lan\u0131 geri vermeye haz\u0131r oldu\u011funu bildirerek s\u00f6zle\u015fmeden d\u00f6nme, <\/strong><\/li>\n<li><strong>b) Sat\u0131lan\u0131 al\u0131koyup ay\u0131p oran\u0131nda sat\u0131\u015f bedelinden indirim isteme, <\/strong><\/li>\n<li><strong>c) \u0130mk\u00e2n varsa, sat\u0131lan\u0131n ay\u0131ps\u0131z bir misli ile de\u011fi\u015ftirilmesini isteme, <\/strong><\/li>\n<\/ol>\n<p>se\u00e7imlik haklar\u0131ndan birini kullanabilir. Sat\u0131c\u0131, Al\u0131c\u0131\u2019n\u0131n tercih etti\u011fi bu talebi yerine getirmekle y\u00fck\u00fcml\u00fcd\u00fcr. Mal\u0131n ay\u0131ps\u0131z misli ile de\u011fi\u015ftirilmesinin Sat\u0131c\u0131 i\u00e7in orant\u0131s\u0131z g\u00fc\u00e7l\u00fckleri beraberinde getirecek olmas\u0131 h\u00e2linde Al\u0131c\u0131, s\u00f6zle\u015fmeden d\u00f6nme veya ay\u0131p oran\u0131nda bedelden indirim haklar\u0131ndan birini kullanabilir. Orant\u0131s\u0131zl\u0131\u011f\u0131n tayininde mal\u0131n ay\u0131ps\u0131z de\u011feri, ay\u0131b\u0131n \u00f6nemi ve di\u011fer se\u00e7imlik haklara ba\u015fvurman\u0131n Al\u0131c\u0131 a\u00e7\u0131s\u0131ndan sorun te\u015fkil edip etmeyece\u011fi gibi hususlar dikkate al\u0131n\u0131r.<\/p>\n<ul>\n<li>Y\u00f6netmelik\u2019in 13\/3. maddesi h\u00fckm\u00fc gere\u011fi Al\u0131c\u0131\u2019n\u0131n iade etmek istedi\u011fi \u00fcr\u00fcn ay\u0131pl\u0131 ise kargo \u00fccreti Sat\u0131c\u0131 taraf\u0131ndan kar\u015f\u0131lanmaktad\u0131r. Di\u011fer durumlarda ise kargo \u00fccreti Al\u0131c\u0131\u2019ya aittir.<\/li>\n<li>Y\u00f6netmelik\u2019in 12. maddesi h\u00fckm\u00fc gere\u011fi Sat\u0131c\u0131, Al\u0131c\u0131\u2019n\u0131n cayma hakk\u0131n\u0131 kulland\u0131\u011f\u0131na ili\u015fkin bildirimin kendisine ula\u015ft\u0131\u011f\u0131 tarihten itibaren on d\u00f6rt g\u00fcn i\u00e7inde, varsa mal\u0131n Al\u0131c\u0131\u2019ya teslim masraflar\u0131 da dahil olmak \u00fczere tahsil edilen t\u00fcm \u00f6demeleri cezai \u015fart \u00f6detmeksizin iade etmekle y\u00fck\u00fcml\u00fcd\u00fcr.<\/li>\n<li>Sat\u0131c\u0131 hava muhalefeti, genel grev, salg\u0131n, ula\u015f\u0131m\u0131n kesilmesi gibi m\u00fccbir sebeplerle ancak bunlarla s\u0131n\u0131rl\u0131 olmamak \u00fczere S\u00f6zle\u015fme konusu \u00fcr\u00fcn\u00fcn\/hizmetin tesliminin imk\u00e2ns\u0131zla\u015fmas\u0131 sonucunda y\u00fck\u00fcml\u00fcl\u00fcklerini yerine getiremiyorsa ve Al\u0131c\u0131\u2019dan bedel tahsil etmi\u015f ise 3 g\u00fcn i\u00e7inde Al\u0131c\u0131\u2019ya yaz\u0131l\u0131 olarak veya kal\u0131c\u0131 veri saklay\u0131c\u0131s\u0131 ile bildirmesi ve varsa teslimat masraflar\u0131 da d\u00e2hil olmak \u00fczere tahsil edilen t\u00fcm \u00f6demeleri Al\u0131c\u0131\u2019ya yap\u0131lan bildirim tarihinden itibaren en ge\u00e7 on d\u00f6rt g\u00fcn i\u00e7inde iade etmesi zorunludur.<\/li>\n<\/ul>\n<p>\u00a0<\/p>\n<ul>\n<li>Y\u00f6netmelik\u2019in 15. maddesi h\u00fckm\u00fc gere\u011fi<strong> cayma hakk\u0131 kullan\u0131lamayacak \u00fcr\u00fcnler \u015funlard\u0131r:<\/strong><\/li>\n<\/ul>\n<ol>\n<li>Niteli\u011fi itibar\u0131yla iade edilemeyecek \u00fcr\u00fcnler,<\/li>\n<li>Al\u0131c\u0131\u2019n\u0131n istekleri veya a\u00e7\u0131k\u00e7a onun ki\u015fisel ihtiya\u00e7lar\u0131 do\u011frultusunda haz\u0131rlanan \u00fcr\u00fcnler,<\/li>\n<li>Do\u011fal ta\u015fl\u0131 \u00fcr\u00fcnlerde sentetik olmad\u0131\u011f\u0131ndan dolay\u0131 ebat ve ton fark\u0131 ya\u015fanabilecek oldu\u011fundan ebat ve ton fark\u0131 sebebiyle iadesi talep edilen de\u011ferli ta\u015flar,<\/li>\n<li>Al\u0131c\u0131 i\u00e7in ki\u015fiye \u00f6zel olarak \u00fcretilen, \u00fczerinde ilave veya de\u011fi\u015fiklik yap\u0131larak ki\u015fiye \u00f6zel hale getirilen \u00fcr\u00fcnler,<\/li>\n<li>Kullan\u0131m s\u0131ras\u0131nda v\u00fccutla direkt temasa girmek suretiyle hijyen a\u00e7\u0131s\u0131ndan hassas olan \u00fcr\u00fcnler,<\/li>\n<li>\u00c7abuk bozulma tehlikesi olan veya son kullanma tarihi ge\u00e7me ihtimali olan mallar,<\/li>\n<li>Kozmetik ve ki\u015fisel bak\u0131m \u00fcr\u00fcnleri,<\/li>\n<li>Elektronik ortamda \u00fcretilen ve taraf\u0131n\u0131zla payla\u015f\u0131ld\u0131ktan sonra geri al\u0131nmas\u0131 m\u00fcmk\u00fcn olmayan dijital \u00fcr\u00fcnler,<\/li>\n<li>Tesliminden sonra ambalaj, bant, m\u00fch\u00fcr, paket gibi koruyucu unsurlar\u0131 a\u00e7\u0131lm\u0131\u015f olan mallardan; iadesi sa\u011fl\u0131k ve hijyen a\u00e7\u0131s\u0131ndan uygun olmayanlar\u0131n teslimine ili\u015fkin s\u00f6zle\u015fmeler i\u00e7in cayma hakk\u0131 kullan\u0131lamaz.<\/li>\n<\/ol>\n<p>\u00a0<\/p>\n<ul>\n<li>Sat\u0131c\u0131 t\u00fcm paketleme ve sevkiyat i\u015flemlerini dijital g\u00f6r\u00fcnt\u00fcleme sistemleri ile\u00a0<strong>kay\u0131t alt\u0131na almaktad\u0131r<\/strong>. Sipari\u015f i\u00e7eri\u011finin eksik \u00e7\u0131kt\u0131\u011f\u0131 iddia edildi\u011finde Sat\u0131c\u0131 paketleme b\u00f6l\u00fcm\u00fc g\u00f6r\u00fcnt\u00fc kay\u0131tlar\u0131 incelenir, eksik g\u00f6nderilen \u00fcr\u00fcn tespit edildi\u011finde derhal Al\u0131c\u0131\u2019ya iletilir.<\/li>\n<li>\u0130stemeden yanl\u0131\u015f \u00fcr\u00fcn ald\u0131klar\u0131 i\u00e7in, de\u011fi\u015fim yapmak isteyen ya da ald\u0131klar\u0131 \u00fcr\u00fcn\u00fc bir ba\u015fka \u00fcr\u00fcnle de\u011fi\u015ftirmek isteyen Al\u0131c\u0131 cayma hakk\u0131 kapsam\u0131nda olmadan iade etti\u011fi \u00fcr\u00fcn\u00fc hasars\u0131z olarak, ambalaj\u0131 ve faturas\u0131 ile kargo masraf\u0131n\u0131 \u00fcstlenmeyi kabul ederek Sat\u0131c\u0131\u2019n\u0131n adresine g\u00f6nderebilmektedir. \u00a0<\/li>\n<li>Al\u0131c\u0131\u2019n\u0131n iade talebi, \u00fcr\u00fcnlerin teslim edildi\u011fi tarihten itibaren 14 g\u00fcn i\u00e7erisinde Sat\u0131c\u0131\u2019ya iletilmelidir. \u0130ade etmek istenen \u00fcr\u00fcn ile birlikte orijinal fatura ibraz edilerek teslim edilmelidir. \u0130adeler mutlak surette orijinal kutu\/koli veya ambalaj\u0131\/etiketi ile birlikte yap\u0131lmal\u0131d\u0131r.<\/li>\n<\/ul>\n<p>\u00a0<\/p>\n<ul>\n<li>Al\u0131c\u0131\u2019n\u0131n \u00fcr\u00fcn\u00fc iade etmesi halinde, iade edilen \u00fcr\u00fcn Sat\u0131c\u0131\u2019ya ula\u015ft\u0131\u011f\u0131 andan itibaren 14 g\u00fcn i\u00e7erisinde \u00fcr\u00fcn bedeli, m\u00fc\u015fterinin al\u0131\u015fveri\u015finde kulland\u0131\u011f\u0131 \u00f6deme y\u00f6ntemi ile kendisine iade edilir.<\/li>\n<li>Al\u0131c\u0131\u2019n\u0131n kusurundan kaynaklanan bir nedenle mal\u0131n de\u011ferinde bir azalma olursa veya iade imk\u00e2ns\u0131zla\u015f\u0131rsa Al\u0131c\u0131 kusuru oran\u0131nda Sat\u0131c\u0131\u2019n\u0131n zararlar\u0131n\u0131 tazmin etmekle y\u00fck\u00fcml\u00fcd\u00fcr.<\/li>\n<li>Cayma hakk\u0131n\u0131n kullan\u0131lmas\u0131 nedeniyle Sat\u0131c\u0131 taraf\u0131ndan d\u00fczenlenen kampanya limit tutar\u0131n\u0131n alt\u0131na d\u00fc\u015f\u00fclmesi halinde kampanya kapsam\u0131nda faydalan\u0131lan indirim miktar\u0131 iptal edecektir.<\/li>\n<li>Al\u0131c\u0131, \u00f6deme i\u015flemlerini kredi kart\u0131 ile yapt\u0131\u011f\u0131 durumda temerr\u00fcde d\u00fc\u015ft\u00fc\u011f\u00fc takdirde, kart sahibi banka ile aras\u0131ndaki kredi kart\u0131 s\u00f6zle\u015fmesi \u00e7er\u00e7evesinde faiz \u00f6deyece\u011fini ve bankaya kar\u015f\u0131 sorumlu olaca\u011f\u0131n\u0131 kabul, beyan ve taahh\u00fct eder. Bu durumda ilgili banka hukuki yollara ba\u015fvurabilir; do\u011facak masraflar\u0131 ve vek\u00e2let \u00fccretini Al\u0131c\u0131\u2019dan talep edebilir ve her ko\u015fulda Al\u0131c\u0131\u2019n\u0131n borcundan dolay\u0131 temerr\u00fcde d\u00fc\u015fmesi halinde, Al\u0131c\u0131, borcun gecikmeli ifas\u0131ndan dolay\u0131 Sat\u0131c\u0131\u2019n\u0131n u\u011frad\u0131\u011f\u0131 zarar ve ziyan\u0131n\u0131 \u00f6deyece\u011fini S\u00f6zle\u015fme\u2019de d\u00fczenlenen hususlara halel getirmeyecek \u015fekilde kabul etmelidir.<\/li>\n<li>\u00dcr\u00fcn teslim edildikten sonra, Al\u0131c\u0131\u2019n\u0131n \u00f6deme yapt\u0131\u011f\u0131 kredi kart\u0131n\u0131n yetkisiz ki\u015filer taraf\u0131ndan haks\u0131z olarak kullan\u0131ld\u0131\u011f\u0131 tespit edilirse ve sat\u0131lan \u00fcr\u00fcn bedeli ilgili banka veya finans kurulu\u015fu taraf\u0131ndan Sat\u0131c\u0131\u2019ya \u00f6denmez ise, Al\u0131c\u0131, s\u00f6zle\u015fme konusu \u00fcr\u00fcn\u00fc <strong>3 g\u00fcn<\/strong> i\u00e7erisinde nakliye gideri Al\u0131c\u0131\u2019ya ait olacak \u015fekilde Sat\u0131c\u0131\u2019ya iade etmek zorundad\u0131r.<\/li>\n<li>Al\u0131c\u0131\u2019n\u0131n sat\u0131lan\u0131n zilyetli\u011fini devralmada temerr\u00fcde d\u00fc\u015fmesi durumunda zilyetli\u011fin devri ger\u00e7ekle\u015fmi\u015f\u00e7esine sat\u0131lan\u0131n yarar ve hasar\u0131 Al\u0131c\u0131\u2019ya ge\u00e7mektedir. \u00dcr\u00fcnleri g\u00fcn\u00fcnde teslim almakla m\u00fckellef olan Al\u0131c\u0131 bu edimini yerine getirmedi\u011fi takdirde Sat\u0131c\u0131\u2019n\u0131n temerr\u00fct tarihinden itibaren \u00fcr\u00fcnler i\u00e7in yapt\u0131\u011f\u0131 t\u00fcm masraflar\u0131 kar\u015f\u0131lamak zorundad\u0131r.<\/li>\n<li>Al\u0131c\u0131 \u015fik\u00e2yet ve itirazlar\u0131 konusunda ba\u015fvurular\u0131n\u0131, Bakanl\u0131k\u00e7a belirlenen parasal s\u0131n\u0131rlar d\u00e2hilinde Al\u0131c\u0131\u2019n\u0131n mal veya hizmeti sat\u0131n ald\u0131\u011f\u0131 veya ikametg\u00e2h\u0131n\u0131n bulundu\u011fu yerdeki T\u00fcketici Hakem Heyetine veya T\u00fcketici Mahkemesine yapabilecektir.<\/li>\n<\/ul>\n\t\t<\/div>\n\t\t\t\t\t<\/div>\n\n\t\n\n\t<div id=\"col-1732280065\" class=\"col medium-4 small-12 large-4\"  >\n\t\t\t\t<div class=\"col-inner\" style=\"background-color:rgb(249, 249, 249);\" >\n\t\t\t\n\t\t\t\n<h2>Bilgi Bankas\u0131<\/h2>\n<div class=\"searchform-wrapper ux-search-box relative is-normal\"><form role=\"search\" method=\"get\" class=\"searchform\" action=\"https:\/\/astrologelvan.com\/magaza\/\">\n\t<div class=\"flex-row relative\">\n\t\t\t\t\t\t<div class=\"flex-col flex-grow\">\n\t\t\t<label class=\"screen-reader-text\" for=\"woocommerce-product-search-field-0\">Ara:<\/label>\n\t\t\t<input type=\"search\" id=\"woocommerce-product-search-field-0\" class=\"search-field mb-0\" placeholder=\"Ara&hellip;\" value=\"\" name=\"s\" \/>\n\t\t\t<input type=\"hidden\" name=\"post_type\" value=\"product\" \/>\n\t\t\t\t\t<\/div>\n\t\t<div class=\"flex-col\">\n\t\t\t<button type=\"submit\" value=\"Ara\" class=\"ux-search-submit submit-button secondary button  icon mb-0\" aria-label=\"G\u00f6nder\">\n\t\t\t\t<i class=\"icon-search\" aria-hidden=\"true\"><\/i>\t\t\t<\/button>\n\t\t<\/div>\n\t<\/div>\n\t<div class=\"live-search-results text-left z-top\"><\/div>\n<\/form>\n<\/div>\n\n\t<div id=\"gap-1135853722\" class=\"gap-element clearfix\" style=\"display:block; height:auto;\">\n\t\t\n<style>\n#gap-1135853722 {\n  padding-top: 30px;\n}\n<\/style>\n\t<\/div>\n\t\n\n\t<div class=\"ux-menu stack stack-col justify-start ux-menu--divider-solid\">\n\t\t\n\n\t<div class=\"ux-menu-link flex menu-item\">\n\t\t<a class=\"ux-menu-link__link flex\" href=\"https:\/\/astrologelvan.com\/astroblog\/\" >\n\t\t\t\t\t\t<span class=\"ux-menu-link__text\">\n\t\t\t\tAstroblog\t\t\t<\/span>\n\t\t<\/a>\n\t<\/div>\n\t\n\n\t<div class=\"ux-menu-link flex menu-item\">\n\t\t<a class=\"ux-menu-link__link flex\" href=\"https:\/\/astrologelvan.com\/magaza\/sikca-sorulan-sorular\/\" >\n\t\t\t\t\t\t<span class=\"ux-menu-link__text\">\n\t\t\t\tS\u0131k Sorulan Sorular\t\t\t<\/span>\n\t\t<\/a>\n\t<\/div>\n\t\n\n\t<div class=\"ux-menu-link flex menu-item\">\n\t\t<a class=\"ux-menu-link__link flex\" href=\"https:\/\/astrologelvan.com\/astrolojik-danismanlik\/\" >\n\t\t\t\t\t\t<span class=\"ux-menu-link__text\">\n\t\t\t\tAstrolojik Dan\u0131\u015fmanl\u0131k\t\t\t<\/span>\n\t\t<\/a>\n\t<\/div>\n\t\n\n\t<div class=\"ux-menu-link flex menu-item\">\n\t\t<a class=\"ux-menu-link__link flex\" href=\"https:\/\/astrologelvan.com\/egitimler\/\" >\n\t\t\t\t\t\t<span class=\"ux-menu-link__text\">\n\t\t\t\tAstroloji E\u011fitimleri\t\t\t<\/span>\n\t\t<\/a>\n\t<\/div>\n\t\n\n\n\t<\/div>\n\t\n\t\t<\/div>\n\t\t\t\t\n<style>\n#col-1732280065 > .col-inner {\n  padding: 30px 30px 30px 30px;\n}\n<\/style>\n\t<\/div>\n\n\t\n<\/div>\n\t\t<\/div>\n\n\t\t\n<style>\n#section_550433357 {\n  padding-top: 30px;\n  padding-bottom: 30px;\n}\n<\/style>\n\t<\/section>\n\t\n","protected":false},"excerpt":{"rendered":"","protected":false},"author":1,"featured_media":0,"parent":0,"menu_order":0,"comment_status":"closed","ping_status":"closed","template":"","meta":{"footnotes":""},"class_list":["post-51","page","type-page","status-publish","hentry"],"yoast_head":"<!-- This site is optimized with the Yoast SEO plugin v27.3 - https:\/\/yoast.com\/product\/yoast-seo-wordpress\/ -->\n<title>\u0130ADE, \u0130PTAL ve CAYMA KO\u015eULLARI - Astrolog Elvan<\/title>\n<meta name=\"robots\" content=\"index, follow, max-snippet:-1, max-image-preview:large, max-video-preview:-1\" \/>\n<link rel=\"canonical\" href=\"https:\/\/astrologelvan.com\/magaza\/iade-iptal-ve-cayma-kosullari\/\" \/>\n<meta property=\"og:locale\" content=\"tr_TR\" \/>\n<meta property=\"og:type\" content=\"article\" \/>\n<meta property=\"og:title\" content=\"\u0130ADE, \u0130PTAL ve CAYMA KO\u015eULLARI - Astrolog Elvan\" \/>\n<meta property=\"og:url\" content=\"https:\/\/astrologelvan.com\/magaza\/iade-iptal-ve-cayma-kosullari\/\" \/>\n<meta property=\"og:site_name\" content=\"Astrolog Elvan\" \/>\n<meta property=\"article:modified_time\" content=\"2024-07-16T21:22:11+00:00\" \/>\n<meta name=\"twitter:card\" content=\"summary_large_image\" \/>\n<meta name=\"twitter:label1\" content=\"Tahmini okuma s\u00fcresi\" \/>\n\t<meta name=\"twitter:data1\" content=\"7 dakika\" \/>\n<script type=\"application\/ld+json\" class=\"yoast-schema-graph\">{\"@context\":\"https:\\\/\\\/schema.org\",\"@graph\":[{\"@type\":\"WebPage\",\"@id\":\"https:\\\/\\\/astrologelvan.com\\\/magaza\\\/iade-iptal-ve-cayma-kosullari\\\/\",\"url\":\"https:\\\/\\\/astrologelvan.com\\\/magaza\\\/iade-iptal-ve-cayma-kosullari\\\/\",\"name\":\"\u0130ADE, \u0130PTAL ve CAYMA KO\u015eULLARI - Astrolog Elvan\",\"isPartOf\":{\"@id\":\"https:\\\/\\\/astrologelvan.com\\\/magaza\\\/#website\"},\"datePublished\":\"2024-02-27T21:50:42+00:00\",\"dateModified\":\"2024-07-16T21:22:11+00:00\",\"breadcrumb\":{\"@id\":\"https:\\\/\\\/astrologelvan.com\\\/magaza\\\/iade-iptal-ve-cayma-kosullari\\\/#breadcrumb\"},\"inLanguage\":\"tr\",\"potentialAction\":[{\"@type\":\"ReadAction\",\"target\":[\"https:\\\/\\\/astrologelvan.com\\\/magaza\\\/iade-iptal-ve-cayma-kosullari\\\/\"]}]},{\"@type\":\"BreadcrumbList\",\"@id\":\"https:\\\/\\\/astrologelvan.com\\\/magaza\\\/iade-iptal-ve-cayma-kosullari\\\/#breadcrumb\",\"itemListElement\":[{\"@type\":\"ListItem\",\"position\":1,\"name\":\"Anasayfa\",\"item\":\"https:\\\/\\\/astrologelvan.com\\\/magaza\\\/\"},{\"@type\":\"ListItem\",\"position\":2,\"name\":\"\u0130ADE, \u0130PTAL ve CAYMA KO\u015eULLARI\"}]},{\"@type\":\"WebSite\",\"@id\":\"https:\\\/\\\/astrologelvan.com\\\/magaza\\\/#website\",\"url\":\"https:\\\/\\\/astrologelvan.com\\\/magaza\\\/\",\"name\":\"Astrolog Elvan\",\"description\":\"\",\"potentialAction\":[{\"@type\":\"SearchAction\",\"target\":{\"@type\":\"EntryPoint\",\"urlTemplate\":\"https:\\\/\\\/astrologelvan.com\\\/magaza\\\/?s={search_term_string}\"},\"query-input\":{\"@type\":\"PropertyValueSpecification\",\"valueRequired\":true,\"valueName\":\"search_term_string\"}}],\"inLanguage\":\"tr\"}]}<\/script>\n<!-- \/ Yoast SEO plugin. -->","yoast_head_json":{"title":"\u0130ADE, \u0130PTAL ve CAYMA KO\u015eULLARI - Astrolog Elvan","robots":{"index":"index","follow":"follow","max-snippet":"max-snippet:-1","max-image-preview":"max-image-preview:large","max-video-preview":"max-video-preview:-1"},"canonical":"https:\/\/astrologelvan.com\/magaza\/iade-iptal-ve-cayma-kosullari\/","og_locale":"tr_TR","og_type":"article","og_title":"\u0130ADE, \u0130PTAL ve CAYMA KO\u015eULLARI - Astrolog Elvan","og_url":"https:\/\/astrologelvan.com\/magaza\/iade-iptal-ve-cayma-kosullari\/","og_site_name":"Astrolog Elvan","article_modified_time":"2024-07-16T21:22:11+00:00","twitter_card":"summary_large_image","twitter_misc":{"Tahmini okuma s\u00fcresi":"7 dakika"},"schema":{"@context":"https:\/\/schema.org","@graph":[{"@type":"WebPage","@id":"https:\/\/astrologelvan.com\/magaza\/iade-iptal-ve-cayma-kosullari\/","url":"https:\/\/astrologelvan.com\/magaza\/iade-iptal-ve-cayma-kosullari\/","name":"\u0130ADE, \u0130PTAL ve CAYMA KO\u015eULLARI - Astrolog Elvan","isPartOf":{"@id":"https:\/\/astrologelvan.com\/magaza\/#website"},"datePublished":"2024-02-27T21:50:42+00:00","dateModified":"2024-07-16T21:22:11+00:00","breadcrumb":{"@id":"https:\/\/astrologelvan.com\/magaza\/iade-iptal-ve-cayma-kosullari\/#breadcrumb"},"inLanguage":"tr","potentialAction":[{"@type":"ReadAction","target":["https:\/\/astrologelvan.com\/magaza\/iade-iptal-ve-cayma-kosullari\/"]}]},{"@type":"BreadcrumbList","@id":"https:\/\/astrologelvan.com\/magaza\/iade-iptal-ve-cayma-kosullari\/#breadcrumb","itemListElement":[{"@type":"ListItem","position":1,"name":"Anasayfa","item":"https:\/\/astrologelvan.com\/magaza\/"},{"@type":"ListItem","position":2,"name":"\u0130ADE, \u0130PTAL ve CAYMA KO\u015eULLARI"}]},{"@type":"WebSite","@id":"https:\/\/astrologelvan.com\/magaza\/#website","url":"https:\/\/astrologelvan.com\/magaza\/","name":"Astrolog Elvan","description":"","potentialAction":[{"@type":"SearchAction","target":{"@type":"EntryPoint","urlTemplate":"https:\/\/astrologelvan.com\/magaza\/?s={search_term_string}"},"query-input":{"@type":"PropertyValueSpecification","valueRequired":true,"valueName":"search_term_string"}}],"inLanguage":"tr"}]}},"_links":{"self":[{"href":"https:\/\/astrologelvan.com\/magaza\/wp-json\/wp\/v2\/pages\/51","targetHints":{"allow":["GET"]}}],"collection":[{"href":"https:\/\/astrologelvan.com\/magaza\/wp-json\/wp\/v2\/pages"}],"about":[{"href":"https:\/\/astrologelvan.com\/magaza\/wp-json\/wp\/v2\/types\/page"}],"author":[{"embeddable":true,"href":"https:\/\/astrologelvan.com\/magaza\/wp-json\/wp\/v2\/users\/1"}],"replies":[{"embeddable":true,"href":"https:\/\/astrologelvan.com\/magaza\/wp-json\/wp\/v2\/comments?post=51"}],"version-history":[{"count":0,"href":"https:\/\/astrologelvan.com\/magaza\/wp-json\/wp\/v2\/pages\/51\/revisions"}],"wp:attachment":[{"href":"https:\/\/astrologelvan.com\/magaza\/wp-json\/wp\/v2\/media?parent=51"}],"curies":[{"name":"wp","href":"https:\/\/api.w.org\/{rel}","templated":true}]}}