{"id":12061,"date":"2024-06-23T08:35:34","date_gmt":"2024-06-23T05:35:34","guid":{"rendered":"https:\/\/astrologelvan.com\/magaza\/?page_id=12061"},"modified":"2025-01-13T21:15:22","modified_gmt":"2025-01-13T18:15:22","slug":"satis-faaliyetleri-kapsaminda-kisisel-verilerin-islenmesi-ve-korunmasina-iliskin-aydinlatma-metni","status":"publish","type":"page","link":"https:\/\/astrologelvan.com\/magaza\/satis-faaliyetleri-kapsaminda-kisisel-verilerin-islenmesi-ve-korunmasina-iliskin-aydinlatma-metni\/","title":{"rendered":"Sat\u0131\u015f Faaliyetleri Kapsam\u0131nda Ki\u015fisel Verilerin \u0130\u015flenmesi ve Korunmas\u0131na \u0130li\u015fkin Ayd\u0131nlatma Metni"},"content":{"rendered":"<p><strong>SATI\u015e FAAL\u0130YETLER\u0130 <\/strong><strong>KAPSAMINDA<\/strong><\/p>\n<p><strong>K\u0130\u015e\u0130SEL VER\u0130LER\u0130N \u0130\u015eLENMES\u0130 ve KORUNMASINA \u0130L\u0130\u015eK\u0130N AYDINLATMA METN\u0130<\/strong><\/p>\n<p><strong>\u00a0<\/strong><\/p>\n<ol>\n<li><strong>Veri Sorumlusunun Kimli\u011fi<\/strong><\/li>\n<\/ol>\n<p><em>\u201cGayrettepe Mah. Y\u0131ld\u0131z Posta Cad. Ayy\u0131ld\u0131z Sitesi B Blok No: 26 \u0130\u00e7 Kap\u0131 No: 13 Be\u015fikta\u015f\/ \u0130stanbul\u201d<\/em> adresinde mukim <strong>J\u00dcP\u0130TER DANI\u015eMANLIK H\u0130ZMETLER\u0130 L\u0130M\u0130TED \u015e\u0130RKET\u0130 <\/strong>(VKN: 4841832966) (\u201c<strong>Astrolog Elvan<\/strong>\u201d veya \u201c<strong>Marka<\/strong>\u201d) olarak ki\u015fisel verilerinizin g\u00fcvenli\u011fi hususuna azami hassasiyet g\u00f6stermekteyiz. Bu bilin\u00e7le, Marka\u2019n\u0131n etkile\u015fim i\u00e7erisinde oldu\u011fu ger\u00e7ek ki\u015filere ait ki\u015fisel verilerin 6698 say\u0131l\u0131 Ki\u015fisel Verilerin Korunmas\u0131 Kanunu (\u201c<strong>Kanun<\/strong>\u201d veya \u201c<strong>KVKK<\/strong>\u201d), Kanun\u2019a ba\u011fl\u0131 y\u00fcr\u00fcrl\u00fc\u011fe koyulan ikincil d\u00fczenlemeler (y\u00f6netmelik, tebli\u011f vd.) ve ba\u011flay\u0131c\u0131 nitelikteki Ki\u015fisel Verileri Koruma Kurulu kararlar\u0131na uygun olarak i\u015flenmekte ve muhafaza edilmekte olup i\u015fbu bilgilendirme metni sat\u0131n al\u0131m i\u015fleminin ger\u00e7ekle\u015ftirilmesi s\u00fcrecinde i\u015flenen ki\u015fisel verilerinizle ilgili sizleri ayd\u0131nlatma amac\u0131yla haz\u0131rlanm\u0131\u015ft\u0131r.<\/p>\n<p><strong>\u00a0<\/strong><\/p>\n<ol start=\"2\">\n<li><strong>\u0130\u015flenen Ki\u015fisel Veri T\u00fcrleri Kategorileri ve Tipleri<\/strong><\/li>\n<\/ol>\n<table>\n<tbody>\n<tr>\n<td width=\"151\"><strong>Kimlik Bilgileri<\/strong><\/td>\n<td width=\"453\">Ad, soy ad, T.C. kimlik numaras\u0131.<\/td>\n<\/tr>\n<tr>\n<td width=\"151\"><strong>\u0130leti\u015fim Bilgileri<\/strong><\/td>\n<td width=\"453\">E-posta adresi, telefon numaras\u0131, fatura ve teslimat adresi.<\/td>\n<\/tr>\n<tr>\n<td width=\"151\"><strong>\u0130\u015flem G\u00fcvenli\u011fi ve Risk Y\u00f6netimi<\/strong><\/td>\n<td width=\"453\">IP adresi, \u00fcye bilgileri, site giri\u015f \u00e7\u0131k\u0131\u015f bilgileri, log kay\u0131tlar\u0131, ticari, teknik ve idari risklerin \u00f6nlenebilmesi ad\u0131na i\u015flenen veriler.<\/td>\n<\/tr>\n<tr>\n<td width=\"151\"><strong>Finans <\/strong><\/td>\n<td width=\"453\">Kredi kart\u0131 ve \u00f6deme bilgileri.<\/td>\n<\/tr>\n<tr>\n<td width=\"151\"><strong>M\u00fc\u015fteri \u0130\u015flem<\/strong><\/td>\n<td width=\"453\">Fatura bilgileri, sipari\u015f ve talep bilgisi, ge\u00e7mi\u015f sipari\u015f kay\u0131tlar\u0131.<\/td>\n<\/tr>\n<\/tbody>\n<\/table>\n<ol start=\"3\">\n<li><strong>Ki\u015fisel Verilerin Toplanma Y\u00f6ntemi ve Temin Edildi\u011fi Faaliyet<\/strong><\/li>\n<\/ol>\n<table width=\"604\">\n<tbody>\n<tr>\n<td width=\"236\"><strong>Veri Kategorisi<\/strong><\/td>\n<td width=\"369\"><strong>Temin Edildi\u011fi Faaliyet<\/strong><\/td>\n<\/tr>\n<tr>\n<td width=\"236\">Kimlik, \u0130leti\u015fim, Finans, M\u00fc\u015fteri \u0130\u015flem<\/td>\n<td width=\"369\"><strong>Yar\u0131 Otomatik Y\u00f6ntemle; <\/strong>Siteye \u00fcye olunmas\u0131 ve\/veya sat\u0131n alma i\u015fleminin ger\u00e7ekle\u015ftirilmesi arac\u0131l\u0131\u011f\u0131yla.<\/td>\n<\/tr>\n<tr>\n<td width=\"236\">\u0130\u015flem G\u00fcvenli\u011fi ve Risk Y\u00f6netimi<\/td>\n<td width=\"369\"><strong>Otomatik Y\u00f6ntemle;<\/strong><\/p>\n<p>Sat\u0131n alma i\u015fleminin ger\u00e7ekle\u015ftirilmesi arac\u0131l\u0131\u011f\u0131yla.<\/td>\n<\/tr>\n<\/tbody>\n<\/table>\n<p><strong>\u00a0<\/strong><\/p>\n<ol start=\"4\">\n<li><strong>Ki\u015fisel Verilerin \u0130\u015flenme Ama\u00e7lar\u0131 <\/strong><strong>ve Hukuki Sebebi<\/strong><\/li>\n<\/ol>\n<table width=\"601\">\n<tbody>\n<tr>\n<td width=\"75\"><strong>Veri <\/strong><\/td>\n<td width=\"246\"><strong>\u0130\u015flenme Ama\u00e7lar\u0131<\/strong><\/td>\n<td width=\"280\"><strong>Hukuki Sebep<\/strong><\/td>\n<\/tr>\n<tr>\n<td width=\"75\"><em>Kimlik<\/em><\/td>\n<td rowspan=\"2\" width=\"246\">\u00b7\u00a0 Sat\u0131n al\u0131m i\u015flemlerinin ger\u00e7ekle\u015ftirilebilmesi,<\/p>\n<p>\u00b7\u00a0 Veri sorumlusu operasyonlar\u0131n\u0131n g\u00fcvenli\u011finin temini,<\/p>\n<p>\u00b7\u00a0 \u0130\u015f ve i\u015f s\u00fcreklili\u011fi faaliyetlerinin ifas\u0131,<\/p>\n<p>\u00b7\u00a0 \u00dcr\u00fcn \u00fcretim ve operasyon s\u00fcre\u00e7lerinin y\u00fcr\u00fct\u00fclmesi,<\/p>\n<p>\u00b7\u00a0 Lojistik ve stok y\u00f6netimi faaliyetlerinin y\u00fcr\u00fct\u00fclebilmesi.<\/td>\n<td rowspan=\"2\" width=\"280\"><strong>KVKK m. 5\/2-c,f; <\/strong>Bir s\u00f6zle\u015fmenin kurulmas\u0131 veya ifas\u0131yla do\u011frudan do\u011fruya ilgili olmas\u0131 kayd\u0131yla, s\u00f6zle\u015fmenin taraflar\u0131na ait ki\u015fisel verilerin i\u015flenmesinin gerekli olmas\u0131 ve ilgili ki\u015finin temel hak ve \u00f6zg\u00fcrl\u00fcklerine zarar vermemek kayd\u0131yla, veri sorumlusunun me\u015fru menfaatleri i\u00e7in veri i\u015flenmesinin zorunlu olmas\u0131.<\/td>\n<\/tr>\n<tr>\n<td width=\"75\"><em>\u0130leti\u015fim<\/em><\/td>\n<\/tr>\n<tr>\n<td width=\"75\"><em>\u0130\u015flem G\u00fcvenli\u011fi ve Risk Y\u00f6netimi<\/em><\/td>\n<td width=\"246\">\u00b7\u00a0\u00a0 Marka g\u00fcvenli\u011finin ve veri sorumlusu operasyonlar\u0131n\u0131n temin edilmesi<\/p>\n<p>\u00b7\u00a0\u00a0 \u0130\u015f s\u00fcreklili\u011finin sa\u011flanabilmesi<\/td>\n<td width=\"280\"><strong>KVKK m. 5\/2-a, f; <\/strong>Kanunlarda a\u00e7\u0131k\u00e7a \u00f6ng\u00f6r\u00fclmesi ve ilgili ki\u015finin temel hak ve \u00f6zg\u00fcrl\u00fcklerine zarar vermemek kayd\u0131yla, veri sorumlusunun me\u015fru menfaatleri i\u00e7in veri i\u015flenmesinin zorunlu olmas\u0131.<\/td>\n<\/tr>\n<tr>\n<td width=\"75\"><em>Finans<\/em><\/td>\n<td rowspan=\"2\" width=\"246\">\u00b7\u00a0\u00a0 \u00dcr\u00fcn sat\u0131n al\u0131m s\u00fcre\u00e7leri ile finans ve muhasebe s\u00fcre\u00e7lerinin y\u00fcr\u00fct\u00fclebilmesi,<\/p>\n<p>\u00b7\u00a0\u00a0 \u0130ade s\u00fcre\u00e7lerinin y\u00fcr\u00fct\u00fclebilmesi, g\u00fcvenli al\u0131\u015fveri\u015f altyap\u0131s\u0131n\u0131n sa\u011flanabilmesi,<\/p>\n<p>\u00b7\u00a0\u00a0 Faaliyetlerin mevzuata uygun olarak y\u00fcr\u00fct\u00fclmesi.<\/td>\n<td rowspan=\"2\" width=\"280\"><strong>KVKK m. 5\/2\/a-c-\u00e7; <\/strong>Kanunlarda a\u00e7\u0131k\u00e7a \u00f6ng\u00f6r\u00fclmesi, bir s\u00f6zle\u015fmenin kurulmas\u0131 veya ifas\u0131yla do\u011frudan do\u011fruya ilgili olmas\u0131 kayd\u0131yla s\u00f6zle\u015fmenin taraflar\u0131na ait ki\u015fisel verilerin i\u015flenmesinin zorunlu olmas\u0131 ve veri sorumlusunun hukuki y\u00fck\u00fcml\u00fcl\u00fc\u011f\u00fcn\u00fc yerine getirebilmesi i\u00e7in veri i\u015flemenin zorunlu olmas\u0131.<\/td>\n<\/tr>\n<tr>\n<td width=\"75\"><em>M\u00fc\u015fteri \u0130\u015flem<\/em><\/td>\n<\/tr>\n<\/tbody>\n<\/table>\n<ol start=\"5\">\n<li><strong>Ki\u015fisel Verilerin Aktar\u0131lmas\u0131 ve Aktar\u0131m Ama\u00e7lar\u0131<\/strong><\/li>\n<\/ol>\n<table>\n<tbody>\n<tr>\n<td width=\"151\"><strong>Aktar\u0131m Kanallar\u0131<\/strong><\/td>\n<td width=\"227\"><strong>Aktar\u0131m Ama\u00e7lar\u0131<\/strong><\/td>\n<td width=\"226\"><strong>Hukuki Sebep<\/strong><\/td>\n<\/tr>\n<tr>\n<td width=\"151\">Kanunen bilgi almaya yetkili kamu kurum ve kurulu\u015flar\u0131 ile yarg\u0131 mercileri<\/td>\n<td width=\"227\">\u00b7\u00a0\u00a0\u00a0\u00a0\u00a0\u00a0 Yasal raporlama yap\u0131lmas\u0131, d\u00fczenleme ve denetim faaliyetlerinin y\u00fcr\u00fct\u00fclmesi, \u015fik\u00e2yet ve hukuki s\u00fcre\u00e7lerin i\u015fletilmesi.<\/td>\n<td width=\"226\"><strong>KVKK 8\/2-a <\/strong>atf\u0131yla<strong>; <\/strong>Veri sorumlusunun hukuki y\u00fck\u00fcml\u00fcl\u00fc\u011f\u00fcn\u00fc yerine getirebilmesi i\u00e7in zorunlu olmas\u0131.<\/td>\n<\/tr>\n<tr>\n<td width=\"151\">Veri i\u015fleyen s\u0131fat\u0131yla yetkilendirilmi\u015f hizmet sa\u011flay\u0131c\u0131lar<\/td>\n<td width=\"227\">\u0130\u015f ve i\u015f s\u00fcreklili\u011fi faaliyetlerinin y\u00fcr\u00fct\u00fclebilmesi ve destek hizmeti\/d\u0131\u015f hizmet sa\u011flay\u0131c\u0131lar\u0131, i\u015f ortaklar\u0131 veya tedarik\u00e7ilerle kurulan ili\u015fkilerin y\u00f6netimi, hizmet sat\u0131\u015f\u0131 sonras\u0131 destek\/d\u0131\u015f hizmetlerinin y\u00fcr\u00fct\u00fclmesi.<\/td>\n<td width=\"226\"><strong>KVKK 8\/2-a <\/strong>atf\u0131yla<strong>; <\/strong>Bir s\u00f6zle\u015fmenin kurulmas\u0131 veya ifas\u0131yla do\u011frudan do\u011fruya ilgili olmas\u0131 kayd\u0131yla, s\u00f6zle\u015fmenin taraflar\u0131na ait ki\u015fisel verilerin aktar\u0131lmas\u0131n\u0131n gerekli olmas\u0131, ve ilgili ki\u015finin temel hak ve \u00f6zg\u00fcrl\u00fcklerine zarar vermemek kayd\u0131yla, veri sorumlusunun me\u015fru menfaatleri i\u00e7in veri aktar\u0131m\u0131n\u0131n zorunlu olmas\u0131.<\/td>\n<\/tr>\n<\/tbody>\n<\/table>\n<p><strong>\u00a0<\/strong><\/p>\n<ol start=\"6\">\n<li><strong>\u0130lgili Ki\u015fi Haklar\u0131<\/strong><\/li>\n<\/ol>\n<p>Diledi\u011finiz zaman Astrolog Elvan\u2019a ba\u015fvurarak; Kanun\u2019un 11. maddesinden do\u011fan: <em>a) Ki\u015fisel veri i\u015flenip i\u015flenmedi\u011fini \u00f6\u011frenme, b) ki\u015fisel verileri i\u015flenmi\u015fse buna ili\u015fkin bilgi talep etme, c) ki\u015fisel verilerin i\u015flenme amac\u0131n\u0131 ve bunlar\u0131n amac\u0131na uygun kullan\u0131l\u0131p kullan\u0131lmad\u0131\u011f\u0131n\u0131 \u00f6\u011frenme, \u00e7) yurt i\u00e7inde veya yurt d\u0131\u015f\u0131nda ki\u015fisel verilerin aktar\u0131ld\u0131\u011f\u0131 \u00fc\u00e7\u00fcnc\u00fc ki\u015fileri bilme, d) ki\u015fisel verilerin eksik veya yanl\u0131\u015f i\u015flenmi\u015f olmas\u0131 h\u00e2linde bunlar\u0131n d\u00fczeltilmesini isteme, e) 7. maddede \u00f6ng\u00f6r\u00fclen \u015fartlar \u00e7er\u00e7evesinde ki\u015fisel verilerin silinmesini veya yok edilmesini isteme, f) (d) ve (e) bentleri uyar\u0131nca yap\u0131lan i\u015flemlerin, ki\u015fisel verilerin aktar\u0131ld\u0131\u011f\u0131 \u00fc\u00e7\u00fcnc\u00fc ki\u015filere bildirilmesini isteme, g) i\u015flenen verilerin m\u00fcnhas\u0131ran otomatik sistemler vas\u0131tas\u0131yla analiz edilmesi suretiyle ki\u015finin kendisi aleyhine bir sonucun ortaya \u00e7\u0131kmas\u0131na itiraz etme, \u011f) Ki\u015fisel verilerin kanuna ayk\u0131r\u0131 olarak i\u015flenmesi sebebiyle zarara u\u011framas\u0131 h\u00e2linde zarar\u0131n giderilmesini talep etme<\/em>; haklar\u0131n\u0131z\u0131 talep edebilirsiniz.<\/p>\n<p>&nbsp;<\/p>\n<p>Haklar\u0131n\u0131za ve Kanunun uygulanmas\u0131na ili\u015fkin taleplerinizi <a href=\"http:\/\/www.astrologelvan.com\"><strong>www.astrologelvan.com<\/strong><\/a> adresinden veya taraf\u0131m\u0131zdan temin edebilece\u011finiz ba\u015fvuru formunu doldurarak veya a\u015fa\u011f\u0131da yaz\u0131l\u0131 asgari unsurlar\u0131 ta\u015f\u0131yan \u015fartlarla birlikte iletebilirsiniz;<\/p>\n<p>&nbsp;<\/p>\n<ol>\n<li>Islak imzal\u0131 \u015fekilde <strong><em>\u201c<\/em><\/strong><strong><em>Gayrettepe Mah. Y\u0131ld\u0131z Posta Cad. Ayy\u0131ld\u0131z S\u0131tes\u0131 B Blok No: 26 \u0130\u00e7 Kap\u0131 No: 13 Be\u015fikta\u015f\/ \u0130stanbul<\/em><\/strong><strong><em>\u201d <\/em><\/strong>adresine noter kanal\u0131yla, ispat kolayl\u0131\u011f\u0131 sa\u011flamas\u0131 a\u00e7\u0131s\u0131ndan takdirinize ba\u011fl\u0131 olarak iadeli taahh\u00fctl\u00fc, posta yoluyla veya \u015fahsi ba\u015fvurunuzla,<\/li>\n<li>Ad\u0131n\u0131za tahsis edilmi\u015f kay\u0131tl\u0131 elektronik posta (KEP) adresini kullanarak _____ adresine ba\u015fvurunuzu e-posta yoluyla g\u00f6ndererek;<\/li>\n<li>Taraf\u0131n\u0131zca Marka\u2019ya bildirilen ve Marka sistemine kaydedilen e-posta adresini kullanarak <strong>_____ <\/strong>adresine e-posta g\u00f6ndererek iletebilirsiniz.<\/li>\n<\/ol>\n<p>&nbsp;<\/p>\n<p>Ki\u015fisel veri sahibi olarak sahip oldu\u011funuz ve yukar\u0131da belirtilen haklar\u0131n\u0131z\u0131 kullanmak i\u00e7in yapaca\u011f\u0131n\u0131z ve kullanmay\u0131 talep etti\u011finiz hakka ili\u015fkin a\u00e7\u0131klamalar\u0131n\u0131z\u0131 i\u00e7eren ba\u015fvuruda; talep etti\u011finiz hususun a\u00e7\u0131k ve anla\u015f\u0131l\u0131r olmas\u0131, talep etti\u011finiz konunun \u015fahs\u0131n\u0131z ile ilgili olmas\u0131 veya ba\u015fkas\u0131 ad\u0131na hareket ediyor iseniz bu konuda noter taraf\u0131ndan tasdiklenmi\u015f \u00f6zel vek\u00e2letnamenizi ibraz etmeniz gerekecektir.<\/p>\n<p>&nbsp;<\/p>\n<p>Ba\u015fvurular\u0131n\u0131zda, ad-soyad\u0131, imza, T.C. kimlik numaras\u0131, ikamet veya i\u015fyeri adresi, e-posta adresi, telefon ve faks numaras\u0131, talep konusu unsurlar\u0131n\u0131n bulunmas\u0131 \u201cVeri Sorumlusuna Ba\u015fvuru Usul ve Esaslar\u0131 Hakk\u0131nda Tebli\u011f\u201d uyar\u0131nca zorunludur. S\u00f6z konusu unsurlar\u0131 bar\u0131nd\u0131rmayan ba\u015fvurular Astrolog Elvan taraf\u0131ndan reddedilecek ve\/veya ge\u00e7erli ba\u015fvuru kanallar\u0131na y\u00f6nlendirilecektir.<\/p>\n<p>&nbsp;<\/p>\n<p><em>Astrolog Elvan\u2019\u0131n<\/em> <em>i\u015fbu ayd\u0131nlatma metninde Kanun\u2019dan, ikincil d\u00fczenlemelerden ve Kurul kararlar\u0131ndan do\u011fan sebeplerle de\u011fi\u015fiklik yapma hakk\u0131 her zaman sakl\u0131d\u0131r. <\/em><\/p>\n<p><em>\u00a0<\/em><\/p>\n<p><strong><em>Bu metin 13.01.2025 tarihinde g\u00fcncellenmi\u015ftir.<\/em><\/strong><\/p>\n","protected":false},"excerpt":{"rendered":"<p>SATI\u015e FAAL\u0130YETLER\u0130 KAPSAMINDA K\u0130\u015e\u0130SEL VER\u0130LER\u0130N \u0130\u015eLENMES\u0130 ve KORUNMASINA \u0130L\u0130\u015eK\u0130N AYDINLATMA METN\u0130 \u00a0 Veri Sorumlusunun Kimli\u011fi \u201cGayrettepe Mah. Y\u0131ld\u0131z Posta Cad. Ayy\u0131ld\u0131z Sitesi B Blok No: 26 \u0130\u00e7 Kap\u0131 No: 13 Be\u015fikta\u015f\/ \u0130stanbul\u201d adresinde mukim J\u00dcP\u0130TER DANI\u015eMANLIK H\u0130ZMETLER\u0130 L\u0130M\u0130TED \u015e\u0130RKET\u0130 (VKN: 4841832966) (\u201cAstrolog Elvan\u201d veya \u201cMarka\u201d) olarak ki\u015fisel verilerinizin g\u00fcvenli\u011fi hususuna azami hassasiyet g\u00f6stermekteyiz. Bu bilin\u00e7le, [&#8230;]\n","protected":false},"author":1,"featured_media":0,"parent":0,"menu_order":0,"comment_status":"closed","ping_status":"closed","template":"","meta":{"footnotes":""},"class_list":["post-12061","page","type-page","status-publish","hentry"],"yoast_head":"<!-- This site is optimized with the Yoast SEO plugin v27.3 - https:\/\/yoast.com\/product\/yoast-seo-wordpress\/ -->\n<title>Sat\u0131\u015f Faaliyetleri Kapsam\u0131nda Ki\u015fisel Verilerin \u0130\u015flenmesi ve Korunmas\u0131na \u0130li\u015fkin Ayd\u0131nlatma Metni - Astrolog Elvan<\/title>\n<meta name=\"robots\" content=\"index, follow, max-snippet:-1, max-image-preview:large, max-video-preview:-1\" \/>\n<link rel=\"canonical\" href=\"https:\/\/astrologelvan.com\/magaza\/satis-faaliyetleri-kapsaminda-kisisel-verilerin-islenmesi-ve-korunmasina-iliskin-aydinlatma-metni\/\" \/>\n<meta property=\"og:locale\" content=\"tr_TR\" \/>\n<meta property=\"og:type\" content=\"article\" \/>\n<meta property=\"og:title\" content=\"Sat\u0131\u015f Faaliyetleri Kapsam\u0131nda Ki\u015fisel Verilerin \u0130\u015flenmesi ve Korunmas\u0131na \u0130li\u015fkin Ayd\u0131nlatma Metni - Astrolog Elvan\" \/>\n<meta property=\"og:description\" content=\"SATI\u015e FAAL\u0130YETLER\u0130 KAPSAMINDA K\u0130\u015e\u0130SEL VER\u0130LER\u0130N \u0130\u015eLENMES\u0130 ve KORUNMASINA \u0130L\u0130\u015eK\u0130N AYDINLATMA METN\u0130 \u00a0 Veri Sorumlusunun Kimli\u011fi \u201cGayrettepe Mah. Y\u0131ld\u0131z Posta Cad. Ayy\u0131ld\u0131z Sitesi B Blok No: 26 \u0130\u00e7 Kap\u0131 No: 13 Be\u015fikta\u015f\/ \u0130stanbul\u201d adresinde mukim J\u00dcP\u0130TER DANI\u015eMANLIK H\u0130ZMETLER\u0130 L\u0130M\u0130TED \u015e\u0130RKET\u0130 (VKN: 4841832966) (\u201cAstrolog Elvan\u201d veya \u201cMarka\u201d) olarak ki\u015fisel verilerinizin g\u00fcvenli\u011fi hususuna azami hassasiyet g\u00f6stermekteyiz. Bu bilin\u00e7le, [...]\" \/>\n<meta property=\"og:url\" content=\"https:\/\/astrologelvan.com\/magaza\/satis-faaliyetleri-kapsaminda-kisisel-verilerin-islenmesi-ve-korunmasina-iliskin-aydinlatma-metni\/\" \/>\n<meta property=\"og:site_name\" content=\"Astrolog Elvan\" \/>\n<meta property=\"article:modified_time\" content=\"2025-01-13T18:15:22+00:00\" \/>\n<meta name=\"twitter:card\" content=\"summary_large_image\" \/>\n<meta name=\"twitter:label1\" content=\"Tahmini okuma s\u00fcresi\" \/>\n\t<meta name=\"twitter:data1\" content=\"6 dakika\" \/>\n<script type=\"application\/ld+json\" class=\"yoast-schema-graph\">{\"@context\":\"https:\\\/\\\/schema.org\",\"@graph\":[{\"@type\":\"WebPage\",\"@id\":\"https:\\\/\\\/astrologelvan.com\\\/magaza\\\/satis-faaliyetleri-kapsaminda-kisisel-verilerin-islenmesi-ve-korunmasina-iliskin-aydinlatma-metni\\\/\",\"url\":\"https:\\\/\\\/astrologelvan.com\\\/magaza\\\/satis-faaliyetleri-kapsaminda-kisisel-verilerin-islenmesi-ve-korunmasina-iliskin-aydinlatma-metni\\\/\",\"name\":\"Sat\u0131\u015f Faaliyetleri Kapsam\u0131nda Ki\u015fisel Verilerin \u0130\u015flenmesi ve Korunmas\u0131na \u0130li\u015fkin Ayd\u0131nlatma Metni - Astrolog Elvan\",\"isPartOf\":{\"@id\":\"https:\\\/\\\/astrologelvan.com\\\/magaza\\\/#website\"},\"datePublished\":\"2024-06-23T05:35:34+00:00\",\"dateModified\":\"2025-01-13T18:15:22+00:00\",\"breadcrumb\":{\"@id\":\"https:\\\/\\\/astrologelvan.com\\\/magaza\\\/satis-faaliyetleri-kapsaminda-kisisel-verilerin-islenmesi-ve-korunmasina-iliskin-aydinlatma-metni\\\/#breadcrumb\"},\"inLanguage\":\"tr\",\"potentialAction\":[{\"@type\":\"ReadAction\",\"target\":[\"https:\\\/\\\/astrologelvan.com\\\/magaza\\\/satis-faaliyetleri-kapsaminda-kisisel-verilerin-islenmesi-ve-korunmasina-iliskin-aydinlatma-metni\\\/\"]}]},{\"@type\":\"BreadcrumbList\",\"@id\":\"https:\\\/\\\/astrologelvan.com\\\/magaza\\\/satis-faaliyetleri-kapsaminda-kisisel-verilerin-islenmesi-ve-korunmasina-iliskin-aydinlatma-metni\\\/#breadcrumb\",\"itemListElement\":[{\"@type\":\"ListItem\",\"position\":1,\"name\":\"Anasayfa\",\"item\":\"https:\\\/\\\/astrologelvan.com\\\/magaza\\\/\"},{\"@type\":\"ListItem\",\"position\":2,\"name\":\"Sat\u0131\u015f Faaliyetleri Kapsam\u0131nda Ki\u015fisel Verilerin \u0130\u015flenmesi ve Korunmas\u0131na \u0130li\u015fkin Ayd\u0131nlatma Metni\"}]},{\"@type\":\"WebSite\",\"@id\":\"https:\\\/\\\/astrologelvan.com\\\/magaza\\\/#website\",\"url\":\"https:\\\/\\\/astrologelvan.com\\\/magaza\\\/\",\"name\":\"Astrolog Elvan\",\"description\":\"\",\"potentialAction\":[{\"@type\":\"SearchAction\",\"target\":{\"@type\":\"EntryPoint\",\"urlTemplate\":\"https:\\\/\\\/astrologelvan.com\\\/magaza\\\/?s={search_term_string}\"},\"query-input\":{\"@type\":\"PropertyValueSpecification\",\"valueRequired\":true,\"valueName\":\"search_term_string\"}}],\"inLanguage\":\"tr\"}]}<\/script>\n<!-- \/ Yoast SEO plugin. -->","yoast_head_json":{"title":"Sat\u0131\u015f Faaliyetleri Kapsam\u0131nda Ki\u015fisel Verilerin \u0130\u015flenmesi ve Korunmas\u0131na \u0130li\u015fkin Ayd\u0131nlatma Metni - Astrolog Elvan","robots":{"index":"index","follow":"follow","max-snippet":"max-snippet:-1","max-image-preview":"max-image-preview:large","max-video-preview":"max-video-preview:-1"},"canonical":"https:\/\/astrologelvan.com\/magaza\/satis-faaliyetleri-kapsaminda-kisisel-verilerin-islenmesi-ve-korunmasina-iliskin-aydinlatma-metni\/","og_locale":"tr_TR","og_type":"article","og_title":"Sat\u0131\u015f Faaliyetleri Kapsam\u0131nda Ki\u015fisel Verilerin \u0130\u015flenmesi ve Korunmas\u0131na \u0130li\u015fkin Ayd\u0131nlatma Metni - Astrolog Elvan","og_description":"SATI\u015e FAAL\u0130YETLER\u0130 KAPSAMINDA K\u0130\u015e\u0130SEL VER\u0130LER\u0130N \u0130\u015eLENMES\u0130 ve KORUNMASINA \u0130L\u0130\u015eK\u0130N AYDINLATMA METN\u0130 \u00a0 Veri Sorumlusunun Kimli\u011fi \u201cGayrettepe Mah. Y\u0131ld\u0131z Posta Cad. Ayy\u0131ld\u0131z Sitesi B Blok No: 26 \u0130\u00e7 Kap\u0131 No: 13 Be\u015fikta\u015f\/ \u0130stanbul\u201d adresinde mukim J\u00dcP\u0130TER DANI\u015eMANLIK H\u0130ZMETLER\u0130 L\u0130M\u0130TED \u015e\u0130RKET\u0130 (VKN: 4841832966) (\u201cAstrolog Elvan\u201d veya \u201cMarka\u201d) olarak ki\u015fisel verilerinizin g\u00fcvenli\u011fi hususuna azami hassasiyet g\u00f6stermekteyiz. Bu bilin\u00e7le, [...]","og_url":"https:\/\/astrologelvan.com\/magaza\/satis-faaliyetleri-kapsaminda-kisisel-verilerin-islenmesi-ve-korunmasina-iliskin-aydinlatma-metni\/","og_site_name":"Astrolog Elvan","article_modified_time":"2025-01-13T18:15:22+00:00","twitter_card":"summary_large_image","twitter_misc":{"Tahmini okuma s\u00fcresi":"6 dakika"},"schema":{"@context":"https:\/\/schema.org","@graph":[{"@type":"WebPage","@id":"https:\/\/astrologelvan.com\/magaza\/satis-faaliyetleri-kapsaminda-kisisel-verilerin-islenmesi-ve-korunmasina-iliskin-aydinlatma-metni\/","url":"https:\/\/astrologelvan.com\/magaza\/satis-faaliyetleri-kapsaminda-kisisel-verilerin-islenmesi-ve-korunmasina-iliskin-aydinlatma-metni\/","name":"Sat\u0131\u015f Faaliyetleri Kapsam\u0131nda Ki\u015fisel Verilerin \u0130\u015flenmesi ve Korunmas\u0131na \u0130li\u015fkin Ayd\u0131nlatma Metni - Astrolog Elvan","isPartOf":{"@id":"https:\/\/astrologelvan.com\/magaza\/#website"},"datePublished":"2024-06-23T05:35:34+00:00","dateModified":"2025-01-13T18:15:22+00:00","breadcrumb":{"@id":"https:\/\/astrologelvan.com\/magaza\/satis-faaliyetleri-kapsaminda-kisisel-verilerin-islenmesi-ve-korunmasina-iliskin-aydinlatma-metni\/#breadcrumb"},"inLanguage":"tr","potentialAction":[{"@type":"ReadAction","target":["https:\/\/astrologelvan.com\/magaza\/satis-faaliyetleri-kapsaminda-kisisel-verilerin-islenmesi-ve-korunmasina-iliskin-aydinlatma-metni\/"]}]},{"@type":"BreadcrumbList","@id":"https:\/\/astrologelvan.com\/magaza\/satis-faaliyetleri-kapsaminda-kisisel-verilerin-islenmesi-ve-korunmasina-iliskin-aydinlatma-metni\/#breadcrumb","itemListElement":[{"@type":"ListItem","position":1,"name":"Anasayfa","item":"https:\/\/astrologelvan.com\/magaza\/"},{"@type":"ListItem","position":2,"name":"Sat\u0131\u015f Faaliyetleri Kapsam\u0131nda Ki\u015fisel Verilerin \u0130\u015flenmesi ve Korunmas\u0131na \u0130li\u015fkin Ayd\u0131nlatma Metni"}]},{"@type":"WebSite","@id":"https:\/\/astrologelvan.com\/magaza\/#website","url":"https:\/\/astrologelvan.com\/magaza\/","name":"Astrolog Elvan","description":"","potentialAction":[{"@type":"SearchAction","target":{"@type":"EntryPoint","urlTemplate":"https:\/\/astrologelvan.com\/magaza\/?s={search_term_string}"},"query-input":{"@type":"PropertyValueSpecification","valueRequired":true,"valueName":"search_term_string"}}],"inLanguage":"tr"}]}},"_links":{"self":[{"href":"https:\/\/astrologelvan.com\/magaza\/wp-json\/wp\/v2\/pages\/12061","targetHints":{"allow":["GET"]}}],"collection":[{"href":"https:\/\/astrologelvan.com\/magaza\/wp-json\/wp\/v2\/pages"}],"about":[{"href":"https:\/\/astrologelvan.com\/magaza\/wp-json\/wp\/v2\/types\/page"}],"author":[{"embeddable":true,"href":"https:\/\/astrologelvan.com\/magaza\/wp-json\/wp\/v2\/users\/1"}],"replies":[{"embeddable":true,"href":"https:\/\/astrologelvan.com\/magaza\/wp-json\/wp\/v2\/comments?post=12061"}],"version-history":[{"count":0,"href":"https:\/\/astrologelvan.com\/magaza\/wp-json\/wp\/v2\/pages\/12061\/revisions"}],"wp:attachment":[{"href":"https:\/\/astrologelvan.com\/magaza\/wp-json\/wp\/v2\/media?parent=12061"}],"curies":[{"name":"wp","href":"https:\/\/api.w.org\/{rel}","templated":true}]}}