{"id":12057,"date":"2024-06-23T08:27:25","date_gmt":"2024-06-23T05:27:25","guid":{"rendered":"https:\/\/astrologelvan.com\/magaza\/?page_id=12057"},"modified":"2024-06-23T08:28:19","modified_gmt":"2024-06-23T05:28:19","slug":"internet-sitesi-online-magazada-yer-alan-urunlere-yonelik-sorumluluktan-feragat-beyani","status":"publish","type":"page","link":"https:\/\/astrologelvan.com\/magaza\/internet-sitesi-online-magazada-yer-alan-urunlere-yonelik-sorumluluktan-feragat-beyani\/","title":{"rendered":"\u0130NTERNET S\u0130TES\u0130 ONLINE MA\u011eAZA\u2019DA YER ALAN \u00dcR\u00dcNLERE Y\u00d6NEL\u0130K SORUMLULUKTAN FERAGAT BEYANI"},"content":{"rendered":"\n\t<section class=\"section\" id=\"section_1123024504\">\n\t\t<div class=\"section-bg fill\" >\n\t\t\t\t\t\t\t\t\t\n\t\t\t\n\n\t\t<\/div>\n\n\t\t\n\n\t\t<div class=\"section-content relative\">\n\t\t\t\n<div class=\"row\"  id=\"row-1995995164\">\n\n\t<div id=\"col-1117434432\" class=\"col medium-8 small-12 large-8\"  >\n\t\t\t\t<div class=\"col-inner\"  >\n\t\t\t\n\t\t\t\n<div class=\"vc_row wpb_row vc_row-fluid mkd-section mkd-content-aligment-left\">\n<div class=\"clearfix mkd-full-section-inner\">\n<div class=\"wpb_column vc_column_container vc_col-sm-12\">\n<div class=\"vc_column-inner\">\n<div class=\"wpb_wrapper\">\n<div class=\"wpb_text_column wpb_content_element\">\n<div class=\"wpb_wrapper\">\n<p><strong>\u0130NTERNET S\u0130TES\u0130 ONLINE MA\u011eAZA\u2019DA YER ALAN \u00dcR\u00dcNLERE Y\u00d6NEL\u0130K SORUMLULUKTAN FERAGAT BEYANI<\/strong><\/p>\n<p>Astrolog Elvan Online Ma\u011faza\u2019s\u0131nda m\u00fc\u015fterilere sunulan \u00fcr\u00fcnlere y\u00f6nelik olarak internet sitesinde yap\u0131lan t\u00fcm \u00fcr\u00fcn a\u00e7\u0131klamalar\u0131na; Astrolog Elvan\u2019\u0131n mesleki e\u011fitimleri, deneyimleri, manevi inan\u00e7lar\u0131 do\u011frultusunda yer verilmi\u015f olup \u00fcr\u00fcnleri sat\u0131n alan m\u00fc\u015fterilere s\u00f6z konusu taahh\u00fctlerin ger\u00e7ekle\u015fip ger\u00e7ekle\u015fmeyece\u011fine y\u00f6nelik olarak herhangi bir sorumluluk alt\u0131na girilmemektedir. M\u00fc\u015fteriler, ilgili \u00fcr\u00fcnleri sat\u0131n al\u0131m faaliyetine hi\u00e7bir ko\u015ful ve surette zorlanmamakta olup sat\u0131n al\u0131m i\u015fleminin ger\u00e7ekle\u015ftirilmesiyle birlikte \u00fcr\u00fcnlerin taahh\u00fct etmekte oldu\u011fu spirit\u00fcel etkilerin kendi fark\u0131ndal\u0131klar\u0131 ve inan\u00e7 sistemleri do\u011frultusunda \u015fekillenece\u011finin bilincinde olduklar\u0131n\u0131 kabul ve beyan ederler. <\/p>\n<p>Ayn\u0131 \u015fekilde, hizmet dan\u0131\u015fmanl\u0131\u011f\u0131 bak\u0131m\u0131ndan birebir verilecek dan\u0131\u015fmanl\u0131k hizmetlerinde; gelecekten haber verme veya gelece\u011fi tahmin etme, olan veya olmu\u015f olaylar\u0131 g\u00f6rme veya Dan\u0131\u015fanlar\u0131n \u00f6zel hayatlar\u0131n\u0131 etki alt\u0131na alma gibi bir durum kesin surette s\u00f6z konusu de\u011fildir. Dan\u0131\u015fan taraf\u0131ndan al\u0131nan hizmet dan\u0131\u015fmanl\u0131\u011f\u0131 fal, b\u00fcy\u00fc vb. olarak yorumlanamaz. Astrolog Elvan hi\u00e7bir \u015fekilde bu ve buna benzer taahh\u00fctlerde bulunmaz. Dan\u0131\u015fan bu durumu bildi\u011fini, Astrolog Elvan\u2019dan bu kapsamda hi\u00e7bir beklentisi olmad\u0131\u011f\u0131n\u0131, Astrolog Elvan\u2019dan her ne sebeple olursa olsun bu konuyla ilgili hi\u00e7bir hak veya talepte bulunmayaca\u011f\u0131n\u0131 pe\u015finen kabul, beyan ve taahh\u00fct ederek bu bak\u0131mdan, kendilerinin bu bilgiler sebebiyle bir zarara u\u011frad\u0131klar\u0131n\u0131 iddia edemezler. Astrolog Elvan bu internet sitesinde sunulan bilginin i\u00e7eri\u011fi ya da Dan\u0131\u015fanlar\u0131n bu internet sitesine dayanarak ger\u00e7ekle\u015ftirdi\u011fi eylem ve i\u015flemlerden hi\u00e7bir surette sorumluluk kabul etmemektedir.<\/p>\n<\/div>\n<\/div>\n<\/div>\n<\/div>\n<\/div>\n<\/div>\n<\/div>\n\t\t<\/div>\n\t\t\t\t\t<\/div>\n\n\t\n\n\t<div id=\"col-1235535506\" class=\"col medium-4 small-12 large-4\"  >\n\t\t<div class=\"is-sticky-column\"><div class=\"is-sticky-column__inner\">\t\t<div class=\"col-inner\" style=\"background-color:rgb(249, 249, 249);\" >\n\t\t\t\n\t\t\t\n<h2>Bilgi Bankas\u0131<\/h2>\n<div class=\"searchform-wrapper ux-search-box relative is-normal\"><form role=\"search\" method=\"get\" class=\"searchform\" action=\"https:\/\/astrologelvan.com\/magaza\/\">\n\t<div class=\"flex-row relative\">\n\t\t\t\t\t\t<div class=\"flex-col flex-grow\">\n\t\t\t<label class=\"screen-reader-text\" for=\"woocommerce-product-search-field-0\">Ara:<\/label>\n\t\t\t<input type=\"search\" id=\"woocommerce-product-search-field-0\" class=\"search-field mb-0\" placeholder=\"Ara&hellip;\" value=\"\" name=\"s\" \/>\n\t\t\t<input type=\"hidden\" name=\"post_type\" value=\"product\" \/>\n\t\t\t\t\t<\/div>\n\t\t<div class=\"flex-col\">\n\t\t\t<button type=\"submit\" value=\"Ara\" class=\"ux-search-submit submit-button secondary button  icon mb-0\" aria-label=\"G\u00f6nder\">\n\t\t\t\t<i class=\"icon-search\" aria-hidden=\"true\"><\/i>\t\t\t<\/button>\n\t\t<\/div>\n\t<\/div>\n\t<div class=\"live-search-results text-left z-top\"><\/div>\n<\/form>\n<\/div>\n\n\t<div id=\"gap-915210363\" class=\"gap-element clearfix\" style=\"display:block; height:auto;\">\n\t\t\n<style>\n#gap-915210363 {\n  padding-top: 30px;\n}\n<\/style>\n\t<\/div>\n\t\n\n\t<div class=\"ux-menu stack stack-col justify-start ux-menu--divider-solid\">\n\t\t\n\n\t<div class=\"ux-menu-link flex menu-item\">\n\t\t<a class=\"ux-menu-link__link flex\" href=\"https:\/\/astrologelvan.com\/astroblog\/\" >\n\t\t\t\t\t\t<span class=\"ux-menu-link__text\">\n\t\t\t\tAstroblog\t\t\t<\/span>\n\t\t<\/a>\n\t<\/div>\n\t\n\n\t<div class=\"ux-menu-link flex menu-item\">\n\t\t<a class=\"ux-menu-link__link flex\" href=\"https:\/\/astrologelvan.com\/magaza\/sikca-sorulan-sorular\/\" >\n\t\t\t\t\t\t<span class=\"ux-menu-link__text\">\n\t\t\t\tS\u0131k Sorulan Sorular\t\t\t<\/span>\n\t\t<\/a>\n\t<\/div>\n\t\n\n\t<div class=\"ux-menu-link flex menu-item\">\n\t\t<a class=\"ux-menu-link__link flex\" href=\"https:\/\/astrologelvan.com\/astrolojik-danismanlik\/\" >\n\t\t\t\t\t\t<span class=\"ux-menu-link__text\">\n\t\t\t\tAstrolojik Dan\u0131\u015fmanl\u0131k\t\t\t<\/span>\n\t\t<\/a>\n\t<\/div>\n\t\n\n\t<div class=\"ux-menu-link flex menu-item\">\n\t\t<a class=\"ux-menu-link__link flex\" href=\"https:\/\/astrologelvan.com\/egitimler\/\" >\n\t\t\t\t\t\t<span class=\"ux-menu-link__text\">\n\t\t\t\tAstroloji E\u011fitimleri\t\t\t<\/span>\n\t\t<\/a>\n\t<\/div>\n\t\n\n\n\t<\/div>\n\t\n\t\t<\/div>\n\t\t<\/div><\/div>\t\t\n<style>\n#col-1235535506 > .is-sticky-column > .is-sticky-column__inner > .col-inner {\n  padding: 30px 30px 30px 30px;\n}\n<\/style>\n\t<\/div>\n\n\t\n<\/div>\n\t\t<\/div>\n\n\t\t\n<style>\n#section_1123024504 {\n  padding-top: 30px;\n  padding-bottom: 30px;\n}\n<\/style>\n\t<\/section>\n\t\n","protected":false},"excerpt":{"rendered":"","protected":false},"author":1,"featured_media":0,"parent":0,"menu_order":0,"comment_status":"closed","ping_status":"closed","template":"","meta":{"footnotes":""},"class_list":["post-12057","page","type-page","status-publish","hentry"],"yoast_head":"<!-- This site is optimized with the Yoast SEO plugin v27.3 - https:\/\/yoast.com\/product\/yoast-seo-wordpress\/ -->\n<title>\u0130NTERNET S\u0130TES\u0130 ONLINE MA\u011eAZA\u2019DA YER ALAN \u00dcR\u00dcNLERE Y\u00d6NEL\u0130K SORUMLULUKTAN FERAGAT BEYANI - Astrolog Elvan<\/title>\n<meta name=\"robots\" content=\"index, follow, max-snippet:-1, max-image-preview:large, max-video-preview:-1\" \/>\n<link rel=\"canonical\" href=\"https:\/\/astrologelvan.com\/magaza\/internet-sitesi-online-magazada-yer-alan-urunlere-yonelik-sorumluluktan-feragat-beyani\/\" \/>\n<meta property=\"og:locale\" content=\"tr_TR\" \/>\n<meta property=\"og:type\" content=\"article\" \/>\n<meta property=\"og:title\" content=\"\u0130NTERNET S\u0130TES\u0130 ONLINE MA\u011eAZA\u2019DA YER ALAN \u00dcR\u00dcNLERE Y\u00d6NEL\u0130K SORUMLULUKTAN FERAGAT BEYANI - Astrolog Elvan\" \/>\n<meta property=\"og:url\" content=\"https:\/\/astrologelvan.com\/magaza\/internet-sitesi-online-magazada-yer-alan-urunlere-yonelik-sorumluluktan-feragat-beyani\/\" \/>\n<meta property=\"og:site_name\" content=\"Astrolog Elvan\" \/>\n<meta property=\"article:modified_time\" content=\"2024-06-23T05:28:19+00:00\" \/>\n<meta name=\"twitter:card\" content=\"summary_large_image\" \/>\n<meta name=\"twitter:label1\" content=\"Tahmini okuma s\u00fcresi\" \/>\n\t<meta name=\"twitter:data1\" content=\"2 dakika\" \/>\n<script type=\"application\/ld+json\" class=\"yoast-schema-graph\">{\"@context\":\"https:\\\/\\\/schema.org\",\"@graph\":[{\"@type\":\"WebPage\",\"@id\":\"https:\\\/\\\/astrologelvan.com\\\/magaza\\\/internet-sitesi-online-magazada-yer-alan-urunlere-yonelik-sorumluluktan-feragat-beyani\\\/\",\"url\":\"https:\\\/\\\/astrologelvan.com\\\/magaza\\\/internet-sitesi-online-magazada-yer-alan-urunlere-yonelik-sorumluluktan-feragat-beyani\\\/\",\"name\":\"\u0130NTERNET S\u0130TES\u0130 ONLINE MA\u011eAZA\u2019DA YER ALAN \u00dcR\u00dcNLERE Y\u00d6NEL\u0130K SORUMLULUKTAN FERAGAT BEYANI - Astrolog Elvan\",\"isPartOf\":{\"@id\":\"https:\\\/\\\/astrologelvan.com\\\/magaza\\\/#website\"},\"datePublished\":\"2024-06-23T05:27:25+00:00\",\"dateModified\":\"2024-06-23T05:28:19+00:00\",\"breadcrumb\":{\"@id\":\"https:\\\/\\\/astrologelvan.com\\\/magaza\\\/internet-sitesi-online-magazada-yer-alan-urunlere-yonelik-sorumluluktan-feragat-beyani\\\/#breadcrumb\"},\"inLanguage\":\"tr\",\"potentialAction\":[{\"@type\":\"ReadAction\",\"target\":[\"https:\\\/\\\/astrologelvan.com\\\/magaza\\\/internet-sitesi-online-magazada-yer-alan-urunlere-yonelik-sorumluluktan-feragat-beyani\\\/\"]}]},{\"@type\":\"BreadcrumbList\",\"@id\":\"https:\\\/\\\/astrologelvan.com\\\/magaza\\\/internet-sitesi-online-magazada-yer-alan-urunlere-yonelik-sorumluluktan-feragat-beyani\\\/#breadcrumb\",\"itemListElement\":[{\"@type\":\"ListItem\",\"position\":1,\"name\":\"Anasayfa\",\"item\":\"https:\\\/\\\/astrologelvan.com\\\/magaza\\\/\"},{\"@type\":\"ListItem\",\"position\":2,\"name\":\"\u0130NTERNET S\u0130TES\u0130 ONLINE MA\u011eAZA\u2019DA YER ALAN \u00dcR\u00dcNLERE Y\u00d6NEL\u0130K SORUMLULUKTAN FERAGAT BEYANI\"}]},{\"@type\":\"WebSite\",\"@id\":\"https:\\\/\\\/astrologelvan.com\\\/magaza\\\/#website\",\"url\":\"https:\\\/\\\/astrologelvan.com\\\/magaza\\\/\",\"name\":\"Astrolog Elvan\",\"description\":\"\",\"potentialAction\":[{\"@type\":\"SearchAction\",\"target\":{\"@type\":\"EntryPoint\",\"urlTemplate\":\"https:\\\/\\\/astrologelvan.com\\\/magaza\\\/?s={search_term_string}\"},\"query-input\":{\"@type\":\"PropertyValueSpecification\",\"valueRequired\":true,\"valueName\":\"search_term_string\"}}],\"inLanguage\":\"tr\"}]}<\/script>\n<!-- \/ Yoast SEO plugin. -->","yoast_head_json":{"title":"\u0130NTERNET S\u0130TES\u0130 ONLINE MA\u011eAZA\u2019DA YER ALAN \u00dcR\u00dcNLERE Y\u00d6NEL\u0130K SORUMLULUKTAN FERAGAT BEYANI - Astrolog Elvan","robots":{"index":"index","follow":"follow","max-snippet":"max-snippet:-1","max-image-preview":"max-image-preview:large","max-video-preview":"max-video-preview:-1"},"canonical":"https:\/\/astrologelvan.com\/magaza\/internet-sitesi-online-magazada-yer-alan-urunlere-yonelik-sorumluluktan-feragat-beyani\/","og_locale":"tr_TR","og_type":"article","og_title":"\u0130NTERNET S\u0130TES\u0130 ONLINE MA\u011eAZA\u2019DA YER ALAN \u00dcR\u00dcNLERE Y\u00d6NEL\u0130K SORUMLULUKTAN FERAGAT BEYANI - Astrolog Elvan","og_url":"https:\/\/astrologelvan.com\/magaza\/internet-sitesi-online-magazada-yer-alan-urunlere-yonelik-sorumluluktan-feragat-beyani\/","og_site_name":"Astrolog Elvan","article_modified_time":"2024-06-23T05:28:19+00:00","twitter_card":"summary_large_image","twitter_misc":{"Tahmini okuma s\u00fcresi":"2 dakika"},"schema":{"@context":"https:\/\/schema.org","@graph":[{"@type":"WebPage","@id":"https:\/\/astrologelvan.com\/magaza\/internet-sitesi-online-magazada-yer-alan-urunlere-yonelik-sorumluluktan-feragat-beyani\/","url":"https:\/\/astrologelvan.com\/magaza\/internet-sitesi-online-magazada-yer-alan-urunlere-yonelik-sorumluluktan-feragat-beyani\/","name":"\u0130NTERNET S\u0130TES\u0130 ONLINE MA\u011eAZA\u2019DA YER ALAN \u00dcR\u00dcNLERE Y\u00d6NEL\u0130K SORUMLULUKTAN FERAGAT BEYANI - Astrolog Elvan","isPartOf":{"@id":"https:\/\/astrologelvan.com\/magaza\/#website"},"datePublished":"2024-06-23T05:27:25+00:00","dateModified":"2024-06-23T05:28:19+00:00","breadcrumb":{"@id":"https:\/\/astrologelvan.com\/magaza\/internet-sitesi-online-magazada-yer-alan-urunlere-yonelik-sorumluluktan-feragat-beyani\/#breadcrumb"},"inLanguage":"tr","potentialAction":[{"@type":"ReadAction","target":["https:\/\/astrologelvan.com\/magaza\/internet-sitesi-online-magazada-yer-alan-urunlere-yonelik-sorumluluktan-feragat-beyani\/"]}]},{"@type":"BreadcrumbList","@id":"https:\/\/astrologelvan.com\/magaza\/internet-sitesi-online-magazada-yer-alan-urunlere-yonelik-sorumluluktan-feragat-beyani\/#breadcrumb","itemListElement":[{"@type":"ListItem","position":1,"name":"Anasayfa","item":"https:\/\/astrologelvan.com\/magaza\/"},{"@type":"ListItem","position":2,"name":"\u0130NTERNET S\u0130TES\u0130 ONLINE MA\u011eAZA\u2019DA YER ALAN \u00dcR\u00dcNLERE Y\u00d6NEL\u0130K SORUMLULUKTAN FERAGAT BEYANI"}]},{"@type":"WebSite","@id":"https:\/\/astrologelvan.com\/magaza\/#website","url":"https:\/\/astrologelvan.com\/magaza\/","name":"Astrolog Elvan","description":"","potentialAction":[{"@type":"SearchAction","target":{"@type":"EntryPoint","urlTemplate":"https:\/\/astrologelvan.com\/magaza\/?s={search_term_string}"},"query-input":{"@type":"PropertyValueSpecification","valueRequired":true,"valueName":"search_term_string"}}],"inLanguage":"tr"}]}},"_links":{"self":[{"href":"https:\/\/astrologelvan.com\/magaza\/wp-json\/wp\/v2\/pages\/12057","targetHints":{"allow":["GET"]}}],"collection":[{"href":"https:\/\/astrologelvan.com\/magaza\/wp-json\/wp\/v2\/pages"}],"about":[{"href":"https:\/\/astrologelvan.com\/magaza\/wp-json\/wp\/v2\/types\/page"}],"author":[{"embeddable":true,"href":"https:\/\/astrologelvan.com\/magaza\/wp-json\/wp\/v2\/users\/1"}],"replies":[{"embeddable":true,"href":"https:\/\/astrologelvan.com\/magaza\/wp-json\/wp\/v2\/comments?post=12057"}],"version-history":[{"count":0,"href":"https:\/\/astrologelvan.com\/magaza\/wp-json\/wp\/v2\/pages\/12057\/revisions"}],"wp:attachment":[{"href":"https:\/\/astrologelvan.com\/magaza\/wp-json\/wp\/v2\/media?parent=12057"}],"curies":[{"name":"wp","href":"https:\/\/api.w.org\/{rel}","templated":true}]}}