{"id":12054,"date":"2024-06-23T08:24:29","date_gmt":"2024-06-23T05:24:29","guid":{"rendered":"https:\/\/astrologelvan.com\/magaza\/?page_id=12054"},"modified":"2025-01-13T21:31:19","modified_gmt":"2025-01-13T18:31:19","slug":"kvkk-ilgili-kisi-basvuru-formu","status":"publish","type":"page","link":"https:\/\/astrologelvan.com\/magaza\/kvkk-ilgili-kisi-basvuru-formu\/","title":{"rendered":"KVKK \u0130LG\u0130L\u0130 K\u0130\u015e\u0130 BA\u015eVURU FORMU"},"content":{"rendered":"<div class=\"row\"  id=\"row-231488843\">\n\n\t<div id=\"col-1942010861\" class=\"col medium-9 small-12 large-9\"  >\n\t\t\t\t<div class=\"col-inner\"  >\n\t\t\t\n\t\t\t\n\t<div id=\"text-1303413523\" class=\"text\">\n\t\t\n<p><a href=\"https:\/\/astrologelvan.com\/magaza\/wp-content\/uploads\/2024\/07\/20240516_Astrolog-Elvan_Ilgili-Kisi-Basvuru-Formu_v1.pdf\">KVKK \u0130lgili ki\u015fi ba\u015fvuru formunu PDF format\u0131nda indirmek i\u00e7in t\u0131klay\u0131n\u0131z.<\/a><\/p>\n\t\t\n<style>\n#text-1303413523 {\n  text-align: center;\n}\n<\/style>\n\t<\/div>\n\t\n\t<div class=\"img has-hover x md-x lg-x y md-y lg-y\" id=\"image_839941365\">\n\t\t\t\t\t\t\t\t<div class=\"img-inner dark\" >\n\t\t\t<img loading=\"lazy\" decoding=\"async\" width=\"1654\" height=\"2339\" src=\"https:\/\/astrologelvan.com\/magaza\/wp-content\/uploads\/2025\/01\/8577db30543efd1874190cad70942d8e-0.jpg\" class=\"attachment-original size-original\" alt=\"\" srcset=\"https:\/\/astrologelvan.com\/magaza\/wp-content\/uploads\/2025\/01\/8577db30543efd1874190cad70942d8e-0.jpg 1654w, https:\/\/astrologelvan.com\/magaza\/wp-content\/uploads\/2025\/01\/8577db30543efd1874190cad70942d8e-0-212x300.jpg 212w, https:\/\/astrologelvan.com\/magaza\/wp-content\/uploads\/2025\/01\/8577db30543efd1874190cad70942d8e-0-724x1024.jpg 724w, https:\/\/astrologelvan.com\/magaza\/wp-content\/uploads\/2025\/01\/8577db30543efd1874190cad70942d8e-0-768x1086.jpg 768w, https:\/\/astrologelvan.com\/magaza\/wp-content\/uploads\/2025\/01\/8577db30543efd1874190cad70942d8e-0-1086x1536.jpg 1086w, https:\/\/astrologelvan.com\/magaza\/wp-content\/uploads\/2025\/01\/8577db30543efd1874190cad70942d8e-0-1448x2048.jpg 1448w, https:\/\/astrologelvan.com\/magaza\/wp-content\/uploads\/2025\/01\/8577db30543efd1874190cad70942d8e-0-1200x1697.jpg 1200w\" sizes=\"auto, (max-width: 1654px) 100vw, 1654px\" \/>\t\t\t\t\t\t\n\t\t\t\t\t<\/div>\n\t\t\t\t\t\t\t\t\n<style>\n#image_839941365 {\n  width: 100%;\n}\n<\/style>\n\t<\/div>\n\t\n\t<div class=\"img has-hover x md-x lg-x y md-y lg-y\" id=\"image_1407902129\">\n\t\t\t\t\t\t\t\t<div class=\"img-inner dark\" >\n\t\t\t<img loading=\"lazy\" decoding=\"async\" width=\"1654\" height=\"2339\" src=\"https:\/\/astrologelvan.com\/magaza\/wp-content\/uploads\/2025\/01\/8577db30543efd1874190cad70942d8e-1.jpg\" class=\"attachment-original size-original\" alt=\"\" srcset=\"https:\/\/astrologelvan.com\/magaza\/wp-content\/uploads\/2025\/01\/8577db30543efd1874190cad70942d8e-1.jpg 1654w, https:\/\/astrologelvan.com\/magaza\/wp-content\/uploads\/2025\/01\/8577db30543efd1874190cad70942d8e-1-212x300.jpg 212w, https:\/\/astrologelvan.com\/magaza\/wp-content\/uploads\/2025\/01\/8577db30543efd1874190cad70942d8e-1-724x1024.jpg 724w, https:\/\/astrologelvan.com\/magaza\/wp-content\/uploads\/2025\/01\/8577db30543efd1874190cad70942d8e-1-768x1086.jpg 768w, https:\/\/astrologelvan.com\/magaza\/wp-content\/uploads\/2025\/01\/8577db30543efd1874190cad70942d8e-1-1086x1536.jpg 1086w, https:\/\/astrologelvan.com\/magaza\/wp-content\/uploads\/2025\/01\/8577db30543efd1874190cad70942d8e-1-1448x2048.jpg 1448w, https:\/\/astrologelvan.com\/magaza\/wp-content\/uploads\/2025\/01\/8577db30543efd1874190cad70942d8e-1-1200x1697.jpg 1200w\" sizes=\"auto, (max-width: 1654px) 100vw, 1654px\" \/>\t\t\t\t\t\t\n\t\t\t\t\t<\/div>\n\t\t\t\t\t\t\t\t\n<style>\n#image_1407902129 {\n  width: 100%;\n}\n<\/style>\n\t<\/div>\n\t\n\t\t<\/div>\n\t\t\t\t\t<\/div>\n\n\t\n\n\t<div id=\"col-1432551579\" class=\"col medium-3 small-12 large-3\"  >\n\t\t<div class=\"is-sticky-column\"><div class=\"is-sticky-column__inner\">\t\t<div class=\"col-inner\" style=\"background-color:#f9f9f9;\" >\n\t\t\t\n\t\t\t\n<h2>Bilgi Bankas\u0131<\/h2>\n<div class=\"searchform-wrapper ux-search-box relative is-normal\"><form role=\"search\" method=\"get\" class=\"searchform\" action=\"https:\/\/astrologelvan.com\/magaza\/\">\n\t<div class=\"flex-row relative\">\n\t\t\t\t\t\t<div class=\"flex-col flex-grow\">\n\t\t\t<label class=\"screen-reader-text\" for=\"woocommerce-product-search-field-0\">Ara:<\/label>\n\t\t\t<input type=\"search\" id=\"woocommerce-product-search-field-0\" class=\"search-field mb-0\" placeholder=\"Ara&hellip;\" value=\"\" name=\"s\" \/>\n\t\t\t<input type=\"hidden\" name=\"post_type\" value=\"product\" \/>\n\t\t\t\t\t<\/div>\n\t\t<div class=\"flex-col\">\n\t\t\t<button type=\"submit\" value=\"Ara\" class=\"ux-search-submit submit-button secondary button  icon mb-0\" aria-label=\"G\u00f6nder\">\n\t\t\t\t<i class=\"icon-search\" aria-hidden=\"true\"><\/i>\t\t\t<\/button>\n\t\t<\/div>\n\t<\/div>\n\t<div class=\"live-search-results text-left z-top\"><\/div>\n<\/form>\n<\/div>\n\n\t<div id=\"gap-1638514900\" class=\"gap-element clearfix\" style=\"display:block; height:auto;\">\n\t\t\n<style>\n#gap-1638514900 {\n  padding-top: 30px;\n}\n<\/style>\n\t<\/div>\n\t\n\n\t<div class=\"ux-menu stack stack-col justify-start ux-menu--divider-solid\">\n\t\t\n\n\t<div class=\"ux-menu-link flex menu-item\">\n\t\t<a class=\"ux-menu-link__link flex\" href=\"https:\/\/astrologelvan.com\/astroblog\/\" >\n\t\t\t\t\t\t<span class=\"ux-menu-link__text\">\n\t\t\t\tAstroblog\t\t\t<\/span>\n\t\t<\/a>\n\t<\/div>\n\t\n\n\t<div class=\"ux-menu-link flex menu-item\">\n\t\t<a class=\"ux-menu-link__link flex\" href=\"https:\/\/astrologelvan.com\/magaza\/sikca-sorulan-sorular\/\" >\n\t\t\t\t\t\t<span class=\"ux-menu-link__text\">\n\t\t\t\tS\u0131k Sorulan Sorular\t\t\t<\/span>\n\t\t<\/a>\n\t<\/div>\n\t\n\n\t<div class=\"ux-menu-link flex menu-item\">\n\t\t<a class=\"ux-menu-link__link flex\" href=\"https:\/\/astrologelvan.com\/astrolojik-danismanlik\/\" >\n\t\t\t\t\t\t<span class=\"ux-menu-link__text\">\n\t\t\t\tAstrolojik Dan\u0131\u015fmanl\u0131k\t\t\t<\/span>\n\t\t<\/a>\n\t<\/div>\n\t\n\n\t<div class=\"ux-menu-link flex menu-item\">\n\t\t<a class=\"ux-menu-link__link flex\" href=\"https:\/\/astrologelvan.com\/egitimler\/\" >\n\t\t\t\t\t\t<span class=\"ux-menu-link__text\">\n\t\t\t\tAstroloji E\u011fitimleri\t\t\t<\/span>\n\t\t<\/a>\n\t<\/div>\n\t\n\n\n\t<\/div>\n\t\n\t\t<\/div>\n\t\t<\/div><\/div>\t\t\n<style>\n#col-1432551579 > .is-sticky-column > .is-sticky-column__inner > .col-inner {\n  padding: 30px 30px 30px 30px;\n}\n<\/style>\n\t<\/div>\n\n\t\n<\/div>\n","protected":false},"excerpt":{"rendered":"","protected":false},"author":1,"featured_media":0,"parent":0,"menu_order":0,"comment_status":"closed","ping_status":"closed","template":"","meta":{"footnotes":""},"class_list":["post-12054","page","type-page","status-publish","hentry"],"yoast_head":"<!-- This site is optimized with the Yoast SEO plugin v27.3 - https:\/\/yoast.com\/product\/yoast-seo-wordpress\/ -->\n<title>KVKK \u0130LG\u0130L\u0130 K\u0130\u015e\u0130 BA\u015eVURU FORMU - Astrolog Elvan<\/title>\n<meta name=\"robots\" content=\"index, follow, max-snippet:-1, max-image-preview:large, max-video-preview:-1\" \/>\n<link rel=\"canonical\" href=\"https:\/\/astrologelvan.com\/magaza\/kvkk-ilgili-kisi-basvuru-formu\/\" \/>\n<meta property=\"og:locale\" content=\"tr_TR\" \/>\n<meta property=\"og:type\" content=\"article\" \/>\n<meta property=\"og:title\" content=\"KVKK \u0130LG\u0130L\u0130 K\u0130\u015e\u0130 BA\u015eVURU FORMU - Astrolog Elvan\" \/>\n<meta property=\"og:url\" content=\"https:\/\/astrologelvan.com\/magaza\/kvkk-ilgili-kisi-basvuru-formu\/\" \/>\n<meta property=\"og:site_name\" content=\"Astrolog Elvan\" \/>\n<meta property=\"article:modified_time\" content=\"2025-01-13T18:31:19+00:00\" \/>\n<meta name=\"twitter:card\" content=\"summary_large_image\" \/>\n<meta name=\"twitter:label1\" content=\"Tahmini okuma s\u00fcresi\" \/>\n\t<meta name=\"twitter:data1\" content=\"4 dakika\" \/>\n<script type=\"application\/ld+json\" class=\"yoast-schema-graph\">{\"@context\":\"https:\\\/\\\/schema.org\",\"@graph\":[{\"@type\":\"WebPage\",\"@id\":\"https:\\\/\\\/astrologelvan.com\\\/magaza\\\/kvkk-ilgili-kisi-basvuru-formu\\\/\",\"url\":\"https:\\\/\\\/astrologelvan.com\\\/magaza\\\/kvkk-ilgili-kisi-basvuru-formu\\\/\",\"name\":\"KVKK \u0130LG\u0130L\u0130 K\u0130\u015e\u0130 BA\u015eVURU FORMU - Astrolog Elvan\",\"isPartOf\":{\"@id\":\"https:\\\/\\\/astrologelvan.com\\\/magaza\\\/#website\"},\"datePublished\":\"2024-06-23T05:24:29+00:00\",\"dateModified\":\"2025-01-13T18:31:19+00:00\",\"breadcrumb\":{\"@id\":\"https:\\\/\\\/astrologelvan.com\\\/magaza\\\/kvkk-ilgili-kisi-basvuru-formu\\\/#breadcrumb\"},\"inLanguage\":\"tr\",\"potentialAction\":[{\"@type\":\"ReadAction\",\"target\":[\"https:\\\/\\\/astrologelvan.com\\\/magaza\\\/kvkk-ilgili-kisi-basvuru-formu\\\/\"]}]},{\"@type\":\"BreadcrumbList\",\"@id\":\"https:\\\/\\\/astrologelvan.com\\\/magaza\\\/kvkk-ilgili-kisi-basvuru-formu\\\/#breadcrumb\",\"itemListElement\":[{\"@type\":\"ListItem\",\"position\":1,\"name\":\"Anasayfa\",\"item\":\"https:\\\/\\\/astrologelvan.com\\\/magaza\\\/\"},{\"@type\":\"ListItem\",\"position\":2,\"name\":\"KVKK \u0130LG\u0130L\u0130 K\u0130\u015e\u0130 BA\u015eVURU FORMU\"}]},{\"@type\":\"WebSite\",\"@id\":\"https:\\\/\\\/astrologelvan.com\\\/magaza\\\/#website\",\"url\":\"https:\\\/\\\/astrologelvan.com\\\/magaza\\\/\",\"name\":\"Astrolog Elvan\",\"description\":\"\",\"potentialAction\":[{\"@type\":\"SearchAction\",\"target\":{\"@type\":\"EntryPoint\",\"urlTemplate\":\"https:\\\/\\\/astrologelvan.com\\\/magaza\\\/?s={search_term_string}\"},\"query-input\":{\"@type\":\"PropertyValueSpecification\",\"valueRequired\":true,\"valueName\":\"search_term_string\"}}],\"inLanguage\":\"tr\"}]}<\/script>\n<!-- \/ Yoast SEO plugin. -->","yoast_head_json":{"title":"KVKK \u0130LG\u0130L\u0130 K\u0130\u015e\u0130 BA\u015eVURU FORMU - Astrolog Elvan","robots":{"index":"index","follow":"follow","max-snippet":"max-snippet:-1","max-image-preview":"max-image-preview:large","max-video-preview":"max-video-preview:-1"},"canonical":"https:\/\/astrologelvan.com\/magaza\/kvkk-ilgili-kisi-basvuru-formu\/","og_locale":"tr_TR","og_type":"article","og_title":"KVKK \u0130LG\u0130L\u0130 K\u0130\u015e\u0130 BA\u015eVURU FORMU - Astrolog Elvan","og_url":"https:\/\/astrologelvan.com\/magaza\/kvkk-ilgili-kisi-basvuru-formu\/","og_site_name":"Astrolog Elvan","article_modified_time":"2025-01-13T18:31:19+00:00","twitter_card":"summary_large_image","twitter_misc":{"Tahmini okuma s\u00fcresi":"4 dakika"},"schema":{"@context":"https:\/\/schema.org","@graph":[{"@type":"WebPage","@id":"https:\/\/astrologelvan.com\/magaza\/kvkk-ilgili-kisi-basvuru-formu\/","url":"https:\/\/astrologelvan.com\/magaza\/kvkk-ilgili-kisi-basvuru-formu\/","name":"KVKK \u0130LG\u0130L\u0130 K\u0130\u015e\u0130 BA\u015eVURU FORMU - Astrolog Elvan","isPartOf":{"@id":"https:\/\/astrologelvan.com\/magaza\/#website"},"datePublished":"2024-06-23T05:24:29+00:00","dateModified":"2025-01-13T18:31:19+00:00","breadcrumb":{"@id":"https:\/\/astrologelvan.com\/magaza\/kvkk-ilgili-kisi-basvuru-formu\/#breadcrumb"},"inLanguage":"tr","potentialAction":[{"@type":"ReadAction","target":["https:\/\/astrologelvan.com\/magaza\/kvkk-ilgili-kisi-basvuru-formu\/"]}]},{"@type":"BreadcrumbList","@id":"https:\/\/astrologelvan.com\/magaza\/kvkk-ilgili-kisi-basvuru-formu\/#breadcrumb","itemListElement":[{"@type":"ListItem","position":1,"name":"Anasayfa","item":"https:\/\/astrologelvan.com\/magaza\/"},{"@type":"ListItem","position":2,"name":"KVKK \u0130LG\u0130L\u0130 K\u0130\u015e\u0130 BA\u015eVURU FORMU"}]},{"@type":"WebSite","@id":"https:\/\/astrologelvan.com\/magaza\/#website","url":"https:\/\/astrologelvan.com\/magaza\/","name":"Astrolog Elvan","description":"","potentialAction":[{"@type":"SearchAction","target":{"@type":"EntryPoint","urlTemplate":"https:\/\/astrologelvan.com\/magaza\/?s={search_term_string}"},"query-input":{"@type":"PropertyValueSpecification","valueRequired":true,"valueName":"search_term_string"}}],"inLanguage":"tr"}]}},"_links":{"self":[{"href":"https:\/\/astrologelvan.com\/magaza\/wp-json\/wp\/v2\/pages\/12054","targetHints":{"allow":["GET"]}}],"collection":[{"href":"https:\/\/astrologelvan.com\/magaza\/wp-json\/wp\/v2\/pages"}],"about":[{"href":"https:\/\/astrologelvan.com\/magaza\/wp-json\/wp\/v2\/types\/page"}],"author":[{"embeddable":true,"href":"https:\/\/astrologelvan.com\/magaza\/wp-json\/wp\/v2\/users\/1"}],"replies":[{"embeddable":true,"href":"https:\/\/astrologelvan.com\/magaza\/wp-json\/wp\/v2\/comments?post=12054"}],"version-history":[{"count":0,"href":"https:\/\/astrologelvan.com\/magaza\/wp-json\/wp\/v2\/pages\/12054\/revisions"}],"wp:attachment":[{"href":"https:\/\/astrologelvan.com\/magaza\/wp-json\/wp\/v2\/media?parent=12054"}],"curies":[{"name":"wp","href":"https:\/\/api.w.org\/{rel}","templated":true}]}}